{"id":6046,"date":"2024-09-26T13:45:59","date_gmt":"2024-09-26T11:45:59","guid":{"rendered":"https:\/\/skafander.sk\/?post_type=product&#038;p=6046"},"modified":"2024-12-19T12:19:20","modified_gmt":"2024-12-19T11:19:20","slug":"cansat-kit","status":"publish","type":"product","link":"https:\/\/skafander.sk\/?product=cansat-kit","title":{"rendered":"CanSat DIY Kit"},"content":{"rendered":"<p>S\u00fa\u0165a\u017e <a href=\"https:\/\/www.esa.int\/Education\/CanSat\/What_is_a_CanSat\" target=\"_blank\" rel=\"noopener\">CanSat<\/a> pon\u00faka \u0161tudentom mo\u017enos\u0165 za\u017ei\u0165 na vlastnej ko\u017ei v\u00fdzvy v\u00fdvoja a prev\u00e1dzky satelitu. \u00dalohou t\u00edmov je postavi\u0165 a naprogramova\u0165 miniat\u00farny satelit vo ve\u013ekosti plechovky, ktor\u00fd bude plni\u0165 r\u00f4zne vedeck\u00e9 a technick\u00e9 \u00falohy. S\u00fa\u0165a\u017ee CanSat sa organizuj\u00fa po celom svete a d\u00e1vaj\u00fa \u0161tudentom pr\u00edle\u017eitos\u0165 prenikn\u00fa\u0165 do sveta vesm\u00edrnej techniky, programovania a d\u00e1tovej anal\u00fdzy.<\/p>\n<p><strong>CanSat DIY (Urob si s\u00e1m) Kit<\/strong> je ur\u010den\u00fd pre \u0161tudentov, u\u010dite\u013eov a v\u0161etk\u00fdch vesm\u00edrnych nad\u0161encov, ktor\u00ed chc\u00fa z\u00edska\u0165 praktick\u00e9 zru\u010dnosti a prenikn\u00fa\u0165 do sveta vesm\u00edrnych technol\u00f3gi\u00ed. Ka\u017ed\u00fd kit obsahuje potrebn\u00e9 s\u00fa\u010diastky, plo\u0161n\u00e9 spoje (PCB) a 3D model vonkaj\u0161\u00edch krytov CanSatu ur\u010den\u00fd na 3D tla\u010d. \u0160tudenti tak dostan\u00fa kompletn\u00fd bal\u00edk, ktor\u00fd si musia sami sp\u00e1jkova\u0165 a posklada\u0165, \u010do prispieva k rozvoju ich technick\u00fdch a praktick\u00fdch zru\u010dnost\u00ed.<\/p>\n<p>DIY pr\u00edstup umo\u017e\u0148uje \u0161tudentom detailne pochopi\u0165 funkcie jednotliv\u00fdch komponentov a ich vz\u00e1jomn\u00e9 prepojenia. \u0160tudenti maj\u00fa pr\u00edstup k zdrojov\u00e9mu k\u00f3du, ktor\u00fd m\u00f4\u017eu upravova\u0165 a nahr\u00e1va\u0165 do svojho CanSatu, \u010d\u00edm podporujeme ich kreativitu a schopnos\u0165 rie\u0161i\u0165 technick\u00e9 v\u00fdzvy. V\u00fdvoj a tla\u010d krytu CanSatu poskytuje praktick\u00e9 sk\u00fasenosti so 3D modelovan\u00edm a 3D tla\u010dou.<\/p>\n<p><strong>CanSat DIY Kit<\/strong> predstavuje cenovo dostupn\u00fa a modul\u00e1rnu alternat\u00edvu pre \u0161koly a jednotlivcov, ktor\u00ed chc\u00fa akt\u00edvne zapoji\u0165 \u0161tudentov do procesu n\u00e1vrhu, zostavovania a testovania svojho vlastn\u00e9ho CanSatu. Kit poskytuje flexibilitu na roz\u0161\u00edrenie o \u010fal\u0161ie senzory a experimenty, \u010do z neho rob\u00ed ide\u00e1lny n\u00e1stroj na vzdel\u00e1vanie v oblasti vedy, technol\u00f3gi\u00ed, in\u017einierstva a matematiky (STEM).<\/p>\n<p><strong>Ka\u017ed\u00fd CanSat DIY Kit obsahuje:<\/strong><\/p>\n<ul>\n<li>Teplomer<\/li>\n<li>Gyroskop<\/li>\n<li>Magnetometer<\/li>\n<li>GPS vysiela\u010d<\/li>\n<li>RFM95W LoRa r\u00e1dio vysiela\u010d<\/li>\n<li>USB r\u00e1dio prij\u00edma\u010d<\/li>\n<li>Arduino Nano<\/li>\n<li>9V bat\u00e9riu<\/li>\n<li>Predpr\u00edpravu na \u010fal\u0161ie senzory<\/li>\n<li>Pr\u00edstup k\u00a0zdrojov\u00e9mu k\u00f3du<\/li>\n<li>Tla\u010dov\u00e9 podklady pre vonkaj\u0161\u00ed kryt<\/li>\n<\/ul>\n<p>DIY koncept tohto CanSat Kitu nielen\u017ee rozv\u00edja technick\u00e9 zru\u010dnosti, ale poskytuje aj jedine\u010dn\u00fa mo\u017enos\u0165 nau\u010di\u0165 sa, ako funguj\u00fa satelity, a z\u00edska\u0165 tak praktick\u00fd poh\u013ead na svet vesm\u00edrneho priemyslu.<\/p>\n","protected":false},"excerpt":{"rendered":"<p>Postavte si v\u00e1\u0161 vlastn\u00fd &#8220;plechovkov\u00fd satelit&#8221; s pomocou n\u00e1\u0161ho CanSat DIY Kit-u!<\/p>\n","protected":false},"featured_media":6047,"comment_status":"open","ping_status":"closed","template":"","meta":[],"product_brand":[],"product_cat":[295,114],"product_tag":[],"class_list":{"0":"post-6046","1":"product","2":"type-product","3":"status-publish","4":"has-post-thumbnail","6":"product_cat-vzdelavacie-platformy","7":"product_cat-vzdelavanie","9":"first","10":"onbackorder","11":"shipping-taxable","12":"purchasable","13":"product-type-simple"},"_links":{"self":[{"href":"https:\/\/skafander.sk\/index.php?rest_route=\/wp\/v2\/product\/6046","targetHints":{"allow":["GET"]}}],"collection":[{"href":"https:\/\/skafander.sk\/index.php?rest_route=\/wp\/v2\/product"}],"about":[{"href":"https:\/\/skafander.sk\/index.php?rest_route=\/wp\/v2\/types\/product"}],"replies":[{"embeddable":true,"href":"https:\/\/skafander.sk\/index.php?rest_route=%2Fwp%2Fv2%2Fcomments&post=6046"}],"wp:featuredmedia":[{"embeddable":true,"href":"https:\/\/skafander.sk\/index.php?rest_route=\/wp\/v2\/media\/6047"}],"wp:attachment":[{"href":"https:\/\/skafander.sk\/index.php?rest_route=%2Fwp%2Fv2%2Fmedia&parent=6046"}],"wp:term":[{"taxonomy":"product_brand","embeddable":true,"href":"https:\/\/skafander.sk\/index.php?rest_route=%2Fwp%2Fv2%2Fproduct_brand&post=6046"},{"taxonomy":"product_cat","embeddable":true,"href":"https:\/\/skafander.sk\/index.php?rest_route=%2Fwp%2Fv2%2Fproduct_cat&post=6046"},{"taxonomy":"product_tag","embeddable":true,"href":"https:\/\/skafander.sk\/index.php?rest_route=%2Fwp%2Fv2%2Fproduct_tag&post=6046"}],"curies":[{"name":"wp","href":"https:\/\/api.w.org\/{rel}","templated":true}]}}