{"id":6019,"date":"2024-09-12T13:49:06","date_gmt":"2024-09-12T11:49:06","guid":{"rendered":"https:\/\/skafander.sk\/?post_type=product&#038;p=6019"},"modified":"2025-11-14T16:21:27","modified_gmt":"2025-11-14T15:21:27","slug":"klucenka-unlocking-space","status":"publish","type":"product","link":"https:\/\/skafander.sk\/?product=klucenka-unlocking-space","title":{"rendered":"K\u013e\u00fa\u010denka UNLOCKING SPACE"},"content":{"rendered":"<p>Materi\u00e1l: Polester<\/p>\n<p>Rozmery: 3,5 x 13 cm<\/p>\n","protected":false},"excerpt":{"rendered":"<p>Odomknite nov\u00fd vesm\u00edr s touto \u0161t\u00fdlovou k\u013e\u00fa\u010denkou od Eur\u00f3pskej vesm\u00edrnej agent\u00fary.<\/p>\n","protected":false},"featured_media":6029,"comment_status":"open","ping_status":"closed","template":"","meta":[],"product_brand":[],"product_cat":[184,67],"product_tag":[57,105,202,108],"class_list":{"0":"post-6019","1":"product","2":"type-product","3":"status-publish","4":"has-post-thumbnail","6":"product_cat-esa","7":"product_cat-doplnky","8":"product_tag-darcek","9":"product_tag-doplnok","10":"product_tag-esa","11":"product_tag-space","13":"first","14":"instock","15":"featured","16":"shipping-taxable","17":"purchasable","18":"product-type-simple"},"_links":{"self":[{"href":"https:\/\/skafander.sk\/index.php?rest_route=\/wp\/v2\/product\/6019","targetHints":{"allow":["GET"]}}],"collection":[{"href":"https:\/\/skafander.sk\/index.php?rest_route=\/wp\/v2\/product"}],"about":[{"href":"https:\/\/skafander.sk\/index.php?rest_route=\/wp\/v2\/types\/product"}],"replies":[{"embeddable":true,"href":"https:\/\/skafander.sk\/index.php?rest_route=%2Fwp%2Fv2%2Fcomments&post=6019"}],"wp:featuredmedia":[{"embeddable":true,"href":"https:\/\/skafander.sk\/index.php?rest_route=\/wp\/v2\/media\/6029"}],"wp:attachment":[{"href":"https:\/\/skafander.sk\/index.php?rest_route=%2Fwp%2Fv2%2Fmedia&parent=6019"}],"wp:term":[{"taxonomy":"product_brand","embeddable":true,"href":"https:\/\/skafander.sk\/index.php?rest_route=%2Fwp%2Fv2%2Fproduct_brand&post=6019"},{"taxonomy":"product_cat","embeddable":true,"href":"https:\/\/skafander.sk\/index.php?rest_route=%2Fwp%2Fv2%2Fproduct_cat&post=6019"},{"taxonomy":"product_tag","embeddable":true,"href":"https:\/\/skafander.sk\/index.php?rest_route=%2Fwp%2Fv2%2Fproduct_tag&post=6019"}],"curies":[{"name":"wp","href":"https:\/\/api.w.org\/{rel}","templated":true}]}}