{"id":6017,"date":"2024-09-12T13:49:06","date_gmt":"2024-09-12T11:49:06","guid":{"rendered":"https:\/\/skafander.sk\/?post_type=product&#038;p=6017"},"modified":"2024-09-12T13:51:16","modified_gmt":"2024-09-12T11:51:16","slug":"bambusove-pero-s-logom-esa","status":"publish","type":"product","link":"https:\/\/skafander.sk\/?product=bambusove-pero-s-logom-esa","title":{"rendered":"Bambusov\u00e9 pero s logom ESA"},"content":{"rendered":"","protected":false},"excerpt":{"rendered":"<p>Gu\u013e\u00f4\u010dkov\u00e9 pero s klikac\u00edm mechanizmom, bambusov\u00e9 drevo, modr\u00fd atrament.<\/p>\n","protected":false},"featured_media":6027,"comment_status":"open","ping_status":"closed","template":"","meta":[],"product_brand":[],"product_cat":[184],"product_tag":[311,312,202,313],"class_list":{"0":"post-6017","1":"product","2":"type-product","3":"status-publish","4":"has-post-thumbnail","6":"product_cat-esa","7":"product_tag-bambus","8":"product_tag-eko","9":"product_tag-esa","10":"product_tag-pero","12":"first","13":"instock","14":"shipping-taxable","15":"purchasable","16":"product-type-simple"},"_links":{"self":[{"href":"https:\/\/skafander.sk\/index.php?rest_route=\/wp\/v2\/product\/6017","targetHints":{"allow":["GET"]}}],"collection":[{"href":"https:\/\/skafander.sk\/index.php?rest_route=\/wp\/v2\/product"}],"about":[{"href":"https:\/\/skafander.sk\/index.php?rest_route=\/wp\/v2\/types\/product"}],"replies":[{"embeddable":true,"href":"https:\/\/skafander.sk\/index.php?rest_route=%2Fwp%2Fv2%2Fcomments&post=6017"}],"wp:featuredmedia":[{"embeddable":true,"href":"https:\/\/skafander.sk\/index.php?rest_route=\/wp\/v2\/media\/6027"}],"wp:attachment":[{"href":"https:\/\/skafander.sk\/index.php?rest_route=%2Fwp%2Fv2%2Fmedia&parent=6017"}],"wp:term":[{"taxonomy":"product_brand","embeddable":true,"href":"https:\/\/skafander.sk\/index.php?rest_route=%2Fwp%2Fv2%2Fproduct_brand&post=6017"},{"taxonomy":"product_cat","embeddable":true,"href":"https:\/\/skafander.sk\/index.php?rest_route=%2Fwp%2Fv2%2Fproduct_cat&post=6017"},{"taxonomy":"product_tag","embeddable":true,"href":"https:\/\/skafander.sk\/index.php?rest_route=%2Fwp%2Fv2%2Fproduct_tag&post=6017"}],"curies":[{"name":"wp","href":"https:\/\/api.w.org\/{rel}","templated":true}]}}