{"id":6016,"date":"2024-09-12T13:49:05","date_gmt":"2024-09-12T11:49:05","guid":{"rendered":"https:\/\/skafander.sk\/?post_type=product&#038;p=6016"},"modified":"2025-02-21T12:03:00","modified_gmt":"2025-02-21T11:03:00","slug":"schoolsat-vzdelavacia-satelitna-platforma","status":"publish","type":"product","link":"https:\/\/skafander.sk\/?product=schoolsat-vzdelavacia-satelitna-platforma","title":{"rendered":"SchoolSat &#8211; vzdel\u00e1vacia satelitn\u00e1 platforma"},"content":{"rendered":"<p><strong>\u010co je to SchoolSat?<\/strong><\/p>\n<p>SchoolSat je funk\u010dn\u00fd nanosatelit navrhnut\u00fd na vyu\u010dovanie in\u017einierstva vesm\u00edrnych syst\u00e9mov v triede a laborat\u00f3riu. Je zalo\u017een\u00fd na platforme kompatibilnej s Arduino. SchoolSat obsahuje taktie\u017e Elektrick\u00fd syst\u00e9m nap\u00e1jania so sol\u00e1rnymi panelmi a \u010fal\u0161\u00edmi tradi\u010dn\u00fdmi satelitn\u00fdmi subsyst\u00e9mami: \u0161truktur\u00e1lnymi, elektrick\u00fdmi (EPS), spravovanie d\u00e1t (DH), komunik\u00e1cia (Comm), ur\u010dovanie a kontrolou orient\u00e1cie (ADCS) a term\u00e1lnymi podsyst\u00e9mami. Satelit je vhodn\u00fd pre za\u010diato\u010dn\u00edkov z h\u013eadiska mont\u00e1\u017ee a obsahuje v\u0161etky potrebn\u00e9 komponenty na predstavenie technol\u00f3gie a prev\u00e1dzkovania satelitov.<\/p>\n<p><strong>\u010co SchoolSat bal\u00ed\u010dek obsahuje?<\/strong><\/p>\n<ul>\n<li>Vzdel\u00e1vac\u00ed satelit SchoolSat:\n<ul>\n<li>Palubn\u00fd po\u010d\u00edta\u010d Arduino<\/li>\n<li>Nap\u00e1janie s bat\u00e9riami<\/li>\n<li>Senzorov\u00e1 doska s teplomerom<\/li>\n<li>Magnetometer<\/li>\n<li>Akcelerometer<\/li>\n<li>GPS<\/li>\n<li>Gyroskop<\/li>\n<li>Komunika\u010dn\u00fd n\u00e1stroj pre protokol LoRaWAN\u00ae<\/li>\n<li>Predpr\u00edprava na \u010fal\u0161ie extern\u00e9 senzory<\/li>\n<li>Sada skrutiek potrebn\u00fdch pre zostavenie<\/li>\n<\/ul>\n<\/li>\n<li>USB Dongle pre komunik\u00e1ciu s po\u010d\u00edta\u010dom<\/li>\n<li>Manu\u00e1l<\/li>\n<li>Open-source projekt<\/li>\n<\/ul>\n","protected":false},"excerpt":{"rendered":"<p>SchoolSat je vzdel\u00e1vacia platforma vytvoren\u00e1 na z\u00e1klade dnes ve\u013emi popul\u00e1rneho satelitn\u00e9ho \u0161tandardu CubeSat. Poskytuje nov\u00fd a zauj\u00edmav\u00fd pr\u00edstup k vyu\u010dovaniu v oblasti vedy a taktie\u017e k rozvoju praktick\u00fdch zru\u010dnost\u00ed.<\/p>\n","protected":false},"featured_media":6022,"comment_status":"open","ping_status":"closed","template":"","meta":[],"product_brand":[],"product_cat":[295],"product_tag":[308,309,310,9,13,108],"class_list":{"0":"post-6016","1":"product","2":"type-product","3":"status-publish","4":"has-post-thumbnail","6":"product_cat-vzdelavacie-platformy","7":"product_tag-cubesat","8":"product_tag-satelit","9":"product_tag-schoolsat","10":"product_tag-skcube","11":"product_tag-sosa","12":"product_tag-space","14":"first","15":"instock","16":"shipping-taxable","17":"purchasable","18":"product-type-simple"},"_links":{"self":[{"href":"https:\/\/skafander.sk\/index.php?rest_route=\/wp\/v2\/product\/6016","targetHints":{"allow":["GET"]}}],"collection":[{"href":"https:\/\/skafander.sk\/index.php?rest_route=\/wp\/v2\/product"}],"about":[{"href":"https:\/\/skafander.sk\/index.php?rest_route=\/wp\/v2\/types\/product"}],"replies":[{"embeddable":true,"href":"https:\/\/skafander.sk\/index.php?rest_route=%2Fwp%2Fv2%2Fcomments&post=6016"}],"wp:featuredmedia":[{"embeddable":true,"href":"https:\/\/skafander.sk\/index.php?rest_route=\/wp\/v2\/media\/6022"}],"wp:attachment":[{"href":"https:\/\/skafander.sk\/index.php?rest_route=%2Fwp%2Fv2%2Fmedia&parent=6016"}],"wp:term":[{"taxonomy":"product_brand","embeddable":true,"href":"https:\/\/skafander.sk\/index.php?rest_route=%2Fwp%2Fv2%2Fproduct_brand&post=6016"},{"taxonomy":"product_cat","embeddable":true,"href":"https:\/\/skafander.sk\/index.php?rest_route=%2Fwp%2Fv2%2Fproduct_cat&post=6016"},{"taxonomy":"product_tag","embeddable":true,"href":"https:\/\/skafander.sk\/index.php?rest_route=%2Fwp%2Fv2%2Fproduct_tag&post=6016"}],"curies":[{"name":"wp","href":"https:\/\/api.w.org\/{rel}","templated":true}]}}