{"id":5457,"date":"2024-09-12T13:40:39","date_gmt":"2024-09-12T11:40:39","guid":{"rendered":"https:\/\/skafander.sk\/?post_type=product&#038;p=5457"},"modified":"2024-12-17T11:43:41","modified_gmt":"2024-12-17T10:43:41","slug":"spomienkova-nasivka-skcube","status":"publish","type":"product","link":"https:\/\/skafander.sk\/?product=spomienkova-nasivka-skcube","title":{"rendered":"Spomienkov\u00e1 n\u00e1\u0161ivka skCUBE"},"content":{"rendered":"<p>MATERI\u00c1L: 100% visk\u00f3za<\/p>\n<p>PRIEMER: 8 cm<\/p>\n<p>Limitovan\u00e1 edi\u00edcia 50 ks<\/p>\n","protected":false},"excerpt":{"rendered":"<p>Nazbierajte ich v\u0161etky! T\u00e1to n\u00e1\u0161ivka vznikla ako spomienka na <strong>prv\u00fa slovensk\u00fa dru\u017eicu skCUBE<\/strong>, ktor\u00e1 po vy\u0161e 6 rokoch na obe\u017enej dr\u00e1he posledn\u00fdkr\u00e1t za\u017eiarila v novembri 2023.<\/p>\n<p>Detailn\u00e9 inform\u00e1cie o prvej slovenskej dru\u017eici n\u00e1jdete <a href=\"http:\/\/www.druzica.sk\/#homePage\" target=\"_blank\" rel=\"noopener\">tu.<\/a><\/p>\n","protected":false},"featured_media":5476,"comment_status":"open","ping_status":"closed","template":"","meta":[],"product_brand":[],"product_cat":[184,185,8],"product_tag":[57,70,105,85,198,9,13],"class_list":{"0":"post-5457","1":"product","2":"type-product","3":"status-publish","4":"has-post-thumbnail","6":"product_cat-esa","7":"product_cat-nasivky","8":"product_cat-skcube","9":"product_tag-darcek","10":"product_tag-dekoracia","11":"product_tag-doplnok","12":"product_tag-limited-edition","13":"product_tag-nasivka","14":"product_tag-skcube","15":"product_tag-sosa","17":"first","18":"instock","19":"shipping-taxable","20":"purchasable","21":"product-type-simple"},"_links":{"self":[{"href":"https:\/\/skafander.sk\/index.php?rest_route=\/wp\/v2\/product\/5457","targetHints":{"allow":["GET"]}}],"collection":[{"href":"https:\/\/skafander.sk\/index.php?rest_route=\/wp\/v2\/product"}],"about":[{"href":"https:\/\/skafander.sk\/index.php?rest_route=\/wp\/v2\/types\/product"}],"replies":[{"embeddable":true,"href":"https:\/\/skafander.sk\/index.php?rest_route=%2Fwp%2Fv2%2Fcomments&post=5457"}],"wp:featuredmedia":[{"embeddable":true,"href":"https:\/\/skafander.sk\/index.php?rest_route=\/wp\/v2\/media\/5476"}],"wp:attachment":[{"href":"https:\/\/skafander.sk\/index.php?rest_route=%2Fwp%2Fv2%2Fmedia&parent=5457"}],"wp:term":[{"taxonomy":"product_brand","embeddable":true,"href":"https:\/\/skafander.sk\/index.php?rest_route=%2Fwp%2Fv2%2Fproduct_brand&post=5457"},{"taxonomy":"product_cat","embeddable":true,"href":"https:\/\/skafander.sk\/index.php?rest_route=%2Fwp%2Fv2%2Fproduct_cat&post=5457"},{"taxonomy":"product_tag","embeddable":true,"href":"https:\/\/skafander.sk\/index.php?rest_route=%2Fwp%2Fv2%2Fproduct_tag&post=5457"}],"curies":[{"name":"wp","href":"https:\/\/api.w.org\/{rel}","templated":true}]}}