{"id":5330,"date":"2024-09-12T13:34:46","date_gmt":"2024-09-12T11:34:46","guid":{"rendered":"https:\/\/skafander.sk\/?post_type=product&#038;p=5330"},"modified":"2024-09-12T13:39:18","modified_gmt":"2024-09-12T11:39:18","slug":"samantha-cristoforetti-barbie-original-od-mattela","status":"publish","type":"product","link":"https:\/\/skafander.sk\/?product=samantha-cristoforetti-barbie-original-od-mattela","title":{"rendered":"SAMANTHA CRISTOFORETTI BARBIE\u00ae Origin\u00e1l od Mattela"},"content":{"rendered":"<p>Origin\u00e1lna b\u00e1bika Barbie\u00ae s astronautskou helmou, skafandrom s n\u00e1\u0161ivkou ESA, znakom EVA a talianskou vlajkou.<\/p>\n<p>V roku 2018 ESA a Mattel vytvorili dve b\u00e1biky Barbie\u00ae s podobiz\u0148ou astronautky ESA Samanthy Cristoforettiovej, \u010d\u00edm si ju uctili ako s\u00fa\u010das\u0165 kampane <em>Dream Gap Project<\/em>. B\u00e1biky neboli komer\u010dne dostupn\u00e9, ale cie\u013eom kampane <em>Dream Gap Project<\/em> bolo povzbudi\u0165 deti, aby si predstavili, \u010do v\u0161etko m\u00f4\u017eu dosiahnu\u0165. Barbie\u00ae spustila projekt <em>Dream Gap<\/em> v roku 2018. T\u00e1to prebiehaj\u00faca glob\u00e1lna iniciat\u00edva zistila, \u017ee diev\u010dat\u00e1m za\u010d\u00edna ch\u00fdba\u0165 sebavedomie u\u017e vo veku piatich rokov. Projekt poskytuje diev\u010dat\u00e1m zdroje a podporu, ktor\u00fa potrebuj\u00fa, aby si verili, a to t\u00fdm, \u017ee vyzdvihuje kari\u00e9ru v oblasti vedy, technol\u00f3gi\u00ed, in\u017einierstva a matematiky.. Ako \u010fal\u0161\u00ed krok v tejto iniciat\u00edve Mattel a ESA spolupracovali na spr\u00edstupnen\u00ed tejto unik\u00e1tnej Barbie\u00ae na predaj u vybran\u00fdch predajcov v celej Eur\u00f3pe.<\/p>\n<p>Balenie obsahuje stojan na b\u00e1biky a certifik\u00e1t pravosti.<\/p>\n<p><strong>Vek<\/strong>: 6+.<\/p>\n<p><strong>Rozmery: <\/strong>33 x 23 x 7,6 cm (b\u00e1bika); 32,7 x 18 x 6,3 cm (\u0161katu\u013ea)<\/p>\n","protected":false},"excerpt":{"rendered":"<p>Letky\u0148a, in\u017einierka a astronautka ESA Samantha Cristoforetti zve\u010dnen\u00e1 ako b\u00e1bika Barbie\u00ae.<\/p>\n","protected":false},"featured_media":5396,"comment_status":"open","ping_status":"closed","template":"","meta":[],"product_brand":[],"product_cat":[184,7],"product_tag":[96,215,57,70,202,59,85,217,104,103,216,108,106],"class_list":{"0":"post-5330","1":"product","2":"type-product","3":"status-publish","4":"has-post-thumbnail","6":"product_cat-esa","7":"product_cat-toys","8":"product_tag-astronaut","9":"product_tag-barbie","10":"product_tag-darcek","11":"product_tag-dekoracia","12":"product_tag-esa","13":"product_tag-hracky","14":"product_tag-limited-edition","15":"product_tag-mattel","16":"product_tag-raketa","17":"product_tag-rocket","18":"product_tag-signature-doll","19":"product_tag-space","20":"product_tag-vesmir","22":"first","23":"instock","24":"shipping-taxable","25":"purchasable","26":"product-type-simple"},"_links":{"self":[{"href":"https:\/\/skafander.sk\/index.php?rest_route=\/wp\/v2\/product\/5330","targetHints":{"allow":["GET"]}}],"collection":[{"href":"https:\/\/skafander.sk\/index.php?rest_route=\/wp\/v2\/product"}],"about":[{"href":"https:\/\/skafander.sk\/index.php?rest_route=\/wp\/v2\/types\/product"}],"replies":[{"embeddable":true,"href":"https:\/\/skafander.sk\/index.php?rest_route=%2Fwp%2Fv2%2Fcomments&post=5330"}],"wp:featuredmedia":[{"embeddable":true,"href":"https:\/\/skafander.sk\/index.php?rest_route=\/wp\/v2\/media\/5396"}],"wp:attachment":[{"href":"https:\/\/skafander.sk\/index.php?rest_route=%2Fwp%2Fv2%2Fmedia&parent=5330"}],"wp:term":[{"taxonomy":"product_brand","embeddable":true,"href":"https:\/\/skafander.sk\/index.php?rest_route=%2Fwp%2Fv2%2Fproduct_brand&post=5330"},{"taxonomy":"product_cat","embeddable":true,"href":"https:\/\/skafander.sk\/index.php?rest_route=%2Fwp%2Fv2%2Fproduct_cat&post=5330"},{"taxonomy":"product_tag","embeddable":true,"href":"https:\/\/skafander.sk\/index.php?rest_route=%2Fwp%2Fv2%2Fproduct_tag&post=5330"}],"curies":[{"name":"wp","href":"https:\/\/api.w.org\/{rel}","templated":true}]}}