{"id":5328,"date":"2024-09-12T13:34:46","date_gmt":"2024-09-12T11:34:46","guid":{"rendered":"https:\/\/skafander.sk\/?post_type=product&#038;p=5328"},"modified":"2024-09-12T13:38:59","modified_gmt":"2024-09-12T11:38:59","slug":"hrncek-dinosaury-nemali-vesmirnu-agenturu","status":"publish","type":"product","link":"https:\/\/skafander.sk\/?product=hrncek-dinosaury-nemali-vesmirnu-agenturu","title":{"rendered":"Hrn\u010dek &#8220;Dinosaury nemali vesm\u00edrnu agent\u00faru&#8221;"},"content":{"rendered":"<p><strong>MATERI\u00c1L:<\/strong> Keramika<\/p>\n<p><strong>ROZMERY:<\/strong> V\u00fd\u0161ka: 95 mm. Priemer: 82 mm<\/p>\n<p><strong>OBJEM:<\/strong> 330 ml<\/p>\n","protected":false},"excerpt":{"rendered":"<p>Kie\u017eby dinosaury mali vesm\u00edrnu agent\u00faru! ESA zohr\u00e1va k\u013e\u00fa\u010dov\u00fa \u00falohu pri \u0161t\u00fadii detekcie asteroidov, monitorovan\u00ed rizika dopadu a v\u00fdskume vych\u00fdlenia asteroidov. Pre dinosaury je u\u017e neskoro, ale vy m\u00f4\u017eete (okrem SOSA) podpori\u0165 projekty planet\u00e1rnej od ESA pit\u00edm z tohto z\u00e1bavn\u00e9ho hrn\u010deka!<\/p>\n","protected":false},"featured_media":5392,"comment_status":"open","ping_status":"closed","template":"","meta":[],"product_brand":[],"product_cat":[184],"product_tag":[212,57,210,211,202,55,108,106],"class_list":{"0":"post-5328","1":"product","2":"type-product","3":"status-publish","4":"has-post-thumbnail","6":"product_cat-esa","7":"product_tag-asteroid","8":"product_tag-darcek","9":"product_tag-dinosaur","10":"product_tag-dinosaurus","11":"product_tag-esa","12":"product_tag-hrncek","13":"product_tag-space","14":"product_tag-vesmir","16":"first","17":"instock","18":"shipping-taxable","19":"purchasable","20":"product-type-simple"},"_links":{"self":[{"href":"https:\/\/skafander.sk\/index.php?rest_route=\/wp\/v2\/product\/5328","targetHints":{"allow":["GET"]}}],"collection":[{"href":"https:\/\/skafander.sk\/index.php?rest_route=\/wp\/v2\/product"}],"about":[{"href":"https:\/\/skafander.sk\/index.php?rest_route=\/wp\/v2\/types\/product"}],"replies":[{"embeddable":true,"href":"https:\/\/skafander.sk\/index.php?rest_route=%2Fwp%2Fv2%2Fcomments&post=5328"}],"wp:featuredmedia":[{"embeddable":true,"href":"https:\/\/skafander.sk\/index.php?rest_route=\/wp\/v2\/media\/5392"}],"wp:attachment":[{"href":"https:\/\/skafander.sk\/index.php?rest_route=%2Fwp%2Fv2%2Fmedia&parent=5328"}],"wp:term":[{"taxonomy":"product_brand","embeddable":true,"href":"https:\/\/skafander.sk\/index.php?rest_route=%2Fwp%2Fv2%2Fproduct_brand&post=5328"},{"taxonomy":"product_cat","embeddable":true,"href":"https:\/\/skafander.sk\/index.php?rest_route=%2Fwp%2Fv2%2Fproduct_cat&post=5328"},{"taxonomy":"product_tag","embeddable":true,"href":"https:\/\/skafander.sk\/index.php?rest_route=%2Fwp%2Fv2%2Fproduct_tag&post=5328"}],"curies":[{"name":"wp","href":"https:\/\/api.w.org\/{rel}","templated":true}]}}