{"id":5327,"date":"2024-09-12T13:34:46","date_gmt":"2024-09-12T11:34:46","guid":{"rendered":"https:\/\/skafander.sk\/?post_type=product&#038;p=5327"},"modified":"2024-09-12T13:38:51","modified_gmt":"2024-09-12T11:38:51","slug":"nalepky-vesmirna-doprava","status":"publish","type":"product","link":"https:\/\/skafander.sk\/?product=nalepky-vesmirna-doprava","title":{"rendered":"N\u00e1lepky &#8220;Vesm\u00edrna doprava&#8221;"},"content":{"rendered":"","protected":false},"excerpt":{"rendered":"<p>Sada n\u00e1lepiek zobrazuj\u00facich akt\u00edvne a aj pl\u00e1novan\u00e9 vesm\u00edrne lode ESA. Na zadnej strane ka\u017edej n\u00e1lepky sa nach\u00e1dza kr\u00e1tky popis konkr\u00e9tnej vesm\u00edrnej lode v anglickom jazyku.<\/p>\n","protected":false},"featured_media":5382,"comment_status":"open","ping_status":"closed","template":"","meta":[],"product_brand":[],"product_cat":[184,67],"product_tag":[208,57,70,105,202,104,103,108,209,106],"class_list":{"0":"post-5327","1":"product","2":"type-product","3":"status-publish","4":"has-post-thumbnail","6":"product_cat-esa","7":"product_cat-doplnky","8":"product_tag-arianne","9":"product_tag-darcek","10":"product_tag-dekoracia","11":"product_tag-doplnok","12":"product_tag-esa","13":"product_tag-raketa","14":"product_tag-rocket","15":"product_tag-space","16":"product_tag-vega","17":"product_tag-vesmir","19":"first","20":"instock","21":"shipping-taxable","22":"purchasable","23":"product-type-simple"},"_links":{"self":[{"href":"https:\/\/skafander.sk\/index.php?rest_route=\/wp\/v2\/product\/5327","targetHints":{"allow":["GET"]}}],"collection":[{"href":"https:\/\/skafander.sk\/index.php?rest_route=\/wp\/v2\/product"}],"about":[{"href":"https:\/\/skafander.sk\/index.php?rest_route=\/wp\/v2\/types\/product"}],"replies":[{"embeddable":true,"href":"https:\/\/skafander.sk\/index.php?rest_route=%2Fwp%2Fv2%2Fcomments&post=5327"}],"wp:featuredmedia":[{"embeddable":true,"href":"https:\/\/skafander.sk\/index.php?rest_route=\/wp\/v2\/media\/5382"}],"wp:attachment":[{"href":"https:\/\/skafander.sk\/index.php?rest_route=%2Fwp%2Fv2%2Fmedia&parent=5327"}],"wp:term":[{"taxonomy":"product_brand","embeddable":true,"href":"https:\/\/skafander.sk\/index.php?rest_route=%2Fwp%2Fv2%2Fproduct_brand&post=5327"},{"taxonomy":"product_cat","embeddable":true,"href":"https:\/\/skafander.sk\/index.php?rest_route=%2Fwp%2Fv2%2Fproduct_cat&post=5327"},{"taxonomy":"product_tag","embeddable":true,"href":"https:\/\/skafander.sk\/index.php?rest_route=%2Fwp%2Fv2%2Fproduct_tag&post=5327"}],"curies":[{"name":"wp","href":"https:\/\/api.w.org\/{rel}","templated":true}]}}