{"id":5325,"date":"2024-09-12T13:34:46","date_gmt":"2024-09-12T11:34:46","guid":{"rendered":"https:\/\/skafander.sk\/?post_type=product&#038;p=5325"},"modified":"2024-12-02T23:14:32","modified_gmt":"2024-12-02T22:14:32","slug":"zapisnik-treti-od-slnka","status":"publish","type":"product","link":"https:\/\/skafander.sk\/?product=zapisnik-treti-od-slnka","title":{"rendered":"Z\u00e1pisn\u00edk &#8220;Tret\u00ed od Slnka&#8221;"},"content":{"rendered":"<p><strong>MATERI\u00c1L:<\/strong> papier<\/p>\n<p><strong>ROZMERY:<\/strong> A5, 96 riadkovan\u00fdch str\u00e1n<\/p>\n","protected":false},"excerpt":{"rendered":"<p>Tento notes z kolekcie &#8220;Tret\u00ed od Slnka&#8221; zaiste pote\u0161\u00ed ka\u017ed\u00e9ho milovn\u00edka vesm\u00edru. \u010ci u\u017e si potrebuje zaznamena\u0165 svoje posledn\u00e9 pozorovanie meteorick\u00fdch rojov, alebo len tak bezhlavo \u010dm\u00e1ra\u0165 po\u010das nudnej porady.<\/p>\n","protected":false},"featured_media":5379,"comment_status":"open","ping_status":"closed","template":"","meta":[],"product_brand":[],"product_cat":[184,186],"product_tag":[57,105,202,206,123,108,106,207],"class_list":{"0":"post-5325","1":"product","2":"type-product","3":"status-publish","4":"has-post-thumbnail","6":"product_cat-esa","7":"product_cat-zapisniky","8":"product_tag-darcek","9":"product_tag-doplnok","10":"product_tag-esa","11":"product_tag-notes","12":"product_tag-slnecna-sustava","13":"product_tag-space","14":"product_tag-vesmir","15":"product_tag-zosit","17":"first","18":"instock","19":"shipping-taxable","20":"purchasable","21":"product-type-simple"},"_links":{"self":[{"href":"https:\/\/skafander.sk\/index.php?rest_route=\/wp\/v2\/product\/5325","targetHints":{"allow":["GET"]}}],"collection":[{"href":"https:\/\/skafander.sk\/index.php?rest_route=\/wp\/v2\/product"}],"about":[{"href":"https:\/\/skafander.sk\/index.php?rest_route=\/wp\/v2\/types\/product"}],"replies":[{"embeddable":true,"href":"https:\/\/skafander.sk\/index.php?rest_route=%2Fwp%2Fv2%2Fcomments&post=5325"}],"wp:featuredmedia":[{"embeddable":true,"href":"https:\/\/skafander.sk\/index.php?rest_route=\/wp\/v2\/media\/5379"}],"wp:attachment":[{"href":"https:\/\/skafander.sk\/index.php?rest_route=%2Fwp%2Fv2%2Fmedia&parent=5325"}],"wp:term":[{"taxonomy":"product_brand","embeddable":true,"href":"https:\/\/skafander.sk\/index.php?rest_route=%2Fwp%2Fv2%2Fproduct_brand&post=5325"},{"taxonomy":"product_cat","embeddable":true,"href":"https:\/\/skafander.sk\/index.php?rest_route=%2Fwp%2Fv2%2Fproduct_cat&post=5325"},{"taxonomy":"product_tag","embeddable":true,"href":"https:\/\/skafander.sk\/index.php?rest_route=%2Fwp%2Fv2%2Fproduct_tag&post=5325"}],"curies":[{"name":"wp","href":"https:\/\/api.w.org\/{rel}","templated":true}]}}