{"id":5324,"date":"2024-09-12T13:34:45","date_gmt":"2024-09-12T11:34:45","guid":{"rendered":"https:\/\/skafander.sk\/?post_type=product&#038;p=5324"},"modified":"2024-09-12T13:38:27","modified_gmt":"2024-09-12T11:38:27","slug":"dazdnik-suhvezdia","status":"publish","type":"product","link":"https:\/\/skafander.sk\/?product=dazdnik-suhvezdia","title":{"rendered":"D\u00e1\u017ednik S\u00fahvezdia"},"content":{"rendered":"<p>Skladac\u00ed d\u00e1\u017ednik s automatick\u00fdm otv\u00e1ran\u00edm a zatv\u00e1ran\u00edm.<\/p>\n<p><strong>MATERI\u00c1L:<\/strong> 100% polyesterov\u00e9 panely a ruk\u00e1v na d\u00e1\u017ednik. Kovov\u00fd r\u00e1m.<br \/>\n<strong>ROZMERY:<\/strong> V\u00fd\u0161ka: 54 cm v otvorenom stave, 29 cm v zatvorenom stave. Otvoren\u00fd priemer: 94 cm.<\/p>\n","protected":false},"excerpt":{"rendered":"<p>U\u017e nikdy nedovo\u013ete, aby v\u00e1m zatiahnut\u00e1 obloha zabr\u00e1nila v pozorovan\u00ed hviezd! S t\u00fdmto \u0161t\u00fdlov\u00fdm d\u00e1\u017ednikom sa to ur\u010dite nestane.<\/p>\n","protected":false},"featured_media":5375,"comment_status":"open","ping_status":"closed","template":"","meta":[],"product_brand":[],"product_cat":[184,296],"product_tag":[57,213,105,202,56,108,54,214,106],"class_list":{"0":"post-5324","1":"product","2":"type-product","3":"status-publish","4":"has-post-thumbnail","6":"product_cat-esa","7":"product_cat-uncategorized","8":"product_tag-darcek","9":"product_tag-dazdnik","10":"product_tag-doplnok","11":"product_tag-esa","12":"product_tag-hviezdy","13":"product_tag-space","14":"product_tag-stars","15":"product_tag-umbrella","16":"product_tag-vesmir","18":"first","19":"instock","20":"shipping-taxable","21":"purchasable","22":"product-type-simple"},"_links":{"self":[{"href":"https:\/\/skafander.sk\/index.php?rest_route=\/wp\/v2\/product\/5324","targetHints":{"allow":["GET"]}}],"collection":[{"href":"https:\/\/skafander.sk\/index.php?rest_route=\/wp\/v2\/product"}],"about":[{"href":"https:\/\/skafander.sk\/index.php?rest_route=\/wp\/v2\/types\/product"}],"replies":[{"embeddable":true,"href":"https:\/\/skafander.sk\/index.php?rest_route=%2Fwp%2Fv2%2Fcomments&post=5324"}],"wp:featuredmedia":[{"embeddable":true,"href":"https:\/\/skafander.sk\/index.php?rest_route=\/wp\/v2\/media\/5375"}],"wp:attachment":[{"href":"https:\/\/skafander.sk\/index.php?rest_route=%2Fwp%2Fv2%2Fmedia&parent=5324"}],"wp:term":[{"taxonomy":"product_brand","embeddable":true,"href":"https:\/\/skafander.sk\/index.php?rest_route=%2Fwp%2Fv2%2Fproduct_brand&post=5324"},{"taxonomy":"product_cat","embeddable":true,"href":"https:\/\/skafander.sk\/index.php?rest_route=%2Fwp%2Fv2%2Fproduct_cat&post=5324"},{"taxonomy":"product_tag","embeddable":true,"href":"https:\/\/skafander.sk\/index.php?rest_route=%2Fwp%2Fv2%2Fproduct_tag&post=5324"}],"curies":[{"name":"wp","href":"https:\/\/api.w.org\/{rel}","templated":true}]}}