{"id":5322,"date":"2024-09-12T13:34:45","date_gmt":"2024-09-12T11:34:45","guid":{"rendered":"https:\/\/skafander.sk\/?post_type=product&#038;p=5322"},"modified":"2025-02-10T22:10:08","modified_gmt":"2025-02-10T21:10:08","slug":"nasivka-ariane-6","status":"publish","type":"product","link":"https:\/\/skafander.sk\/?product=nasivka-ariane-6","title":{"rendered":"N\u00e1\u0161ivka ARIANE 6"},"content":{"rendered":"<p>Vesm\u00edrne n\u00e1\u0161ivky zn\u00e1me tie\u017e ako &#8220;Mission patches&#8221; s\u00fa skvel\u00fdm doplnkom do zbierky ka\u017ed\u00e9ho vesm\u00edrneho nad\u0161enca.<\/p>\n<p>N\u00e1\u0161ivka ma na spodnej strane vrstvu tepelne aktivovan\u00e9ho lepidla, ktor\u00e9 umo\u017e\u0148uje jej ne\u017eehlenie na r\u00f4zne typy text\u00edli\u00ed.<\/p>\n<p><strong>MATERI\u00c1L:<\/strong> 100% polyester<\/p>\n<p><strong>ROZMERY:<\/strong> Priemer: 10 cm<\/p>\n","protected":false},"excerpt":{"rendered":"<p>Nazbierajte ich v\u0161etky! T\u00e1to n\u00e1\u0161ivka zobrazuje raketu Ariane 6 (v s\u00fa\u010dasnosti vo v\u00fdvoji), ktorej cie\u013eom je zabezpe\u010di\u0165 nez\u00e1visl\u00fd pr\u00edstup do vesm\u00edru pre Eur\u00f3pu. Nov\u00e1 gener\u00e1cia nosn\u00fdch rakiet Ariane je v\u00fdsledkom spolo\u010dn\u00e9ho \u00fasilia ESA a eur\u00f3pskeho priemyslu a je navrhnut\u00e1 tak, aby bola schopn\u00e1 do kozmu vynies\u0165 n\u00e1klad v rozsahu od 4,5 do 10,5 tony.<\/p>\n","protected":false},"featured_media":5363,"comment_status":"open","ping_status":"closed","template":"","meta":[],"product_brand":[],"product_cat":[184,185],"product_tag":[57,70,105,202,199,198,200,108,106],"class_list":{"0":"post-5322","1":"product","2":"type-product","3":"status-publish","4":"has-post-thumbnail","6":"product_cat-esa","7":"product_cat-nasivky","8":"product_tag-darcek","9":"product_tag-dekoracia","10":"product_tag-doplnok","11":"product_tag-esa","12":"product_tag-mission-patch","13":"product_tag-nasivka","14":"product_tag-patch","15":"product_tag-space","16":"product_tag-vesmir","18":"first","19":"instock","20":"shipping-taxable","21":"purchasable","22":"product-type-simple"},"_links":{"self":[{"href":"https:\/\/skafander.sk\/index.php?rest_route=\/wp\/v2\/product\/5322","targetHints":{"allow":["GET"]}}],"collection":[{"href":"https:\/\/skafander.sk\/index.php?rest_route=\/wp\/v2\/product"}],"about":[{"href":"https:\/\/skafander.sk\/index.php?rest_route=\/wp\/v2\/types\/product"}],"replies":[{"embeddable":true,"href":"https:\/\/skafander.sk\/index.php?rest_route=%2Fwp%2Fv2%2Fcomments&post=5322"}],"wp:featuredmedia":[{"embeddable":true,"href":"https:\/\/skafander.sk\/index.php?rest_route=\/wp\/v2\/media\/5363"}],"wp:attachment":[{"href":"https:\/\/skafander.sk\/index.php?rest_route=%2Fwp%2Fv2%2Fmedia&parent=5322"}],"wp:term":[{"taxonomy":"product_brand","embeddable":true,"href":"https:\/\/skafander.sk\/index.php?rest_route=%2Fwp%2Fv2%2Fproduct_brand&post=5322"},{"taxonomy":"product_cat","embeddable":true,"href":"https:\/\/skafander.sk\/index.php?rest_route=%2Fwp%2Fv2%2Fproduct_cat&post=5322"},{"taxonomy":"product_tag","embeddable":true,"href":"https:\/\/skafander.sk\/index.php?rest_route=%2Fwp%2Fv2%2Fproduct_tag&post=5322"}],"curies":[{"name":"wp","href":"https:\/\/api.w.org\/{rel}","templated":true}]}}