{"id":5310,"date":"2024-09-12T13:34:11","date_gmt":"2024-09-12T11:34:11","guid":{"rendered":"https:\/\/skafander.sk\/?post_type=product&#038;p=5310"},"modified":"2024-12-10T16:47:21","modified_gmt":"2024-12-10T15:47:21","slug":"nasivka-juice","status":"publish","type":"product","link":"https:\/\/skafander.sk\/?product=nasivka-juice","title":{"rendered":"N\u00e1\u0161ivka JUICE"},"content":{"rendered":"<p>Vesm\u00edrne n\u00e1\u0161ivky zn\u00e1me tie\u017e ako &#8220;Mission patches&#8221; s\u00fa skvel\u00fdm doplnkom do zbierky ka\u017ed\u00e9ho vesm\u00edrneho nad\u0161enca.<\/p>\n<p>N\u00e1\u0161ivka ma na spodnej strane vrstvu tepelne aktivovan\u00e9ho lepidla, ktor\u00e9 umo\u017e\u0148uje jej ne\u017eehlenie na r\u00f4zne typy text\u00edli\u00ed.<\/p>\n<p><strong>MATERI\u00c1L:<\/strong> 100% polyester<\/p>\n<p><strong>ROZMERY:<\/strong> Priemer: 10 cm<\/p>\n<blockquote><p>Vedeli ste, \u017ee na palube misie <a href=\"https:\/\/www.esa.int\/Science_Exploration\/Space_Science\/Juice\" target=\"_blank\" rel=\"noopener\">JUICE<\/a>, ktor\u00e1 smeruje k najv\u00e4\u010d\u0161ej plan\u00e9te Slne\u010dnej s\u00fastavy \u2013 Jupiteru, sa podie\u013eali aj slovensk\u00ed odborn\u00edci? Sonda nesie 11 \u0161pi\u010dkov\u00fdch vedeck\u00fdch pr\u00edstrojov, medzi ktor\u00fdmi sa nach\u00e1dza aj komplex PEP (Particle Environment Package). Na jeho v\u00fdvoji v\u00fdznamne spolupracoval t\u00edm z \u00dastavu experiment\u00e1lnej fyziky Slovenskej akad\u00e9mie vied v Ko\u0161iciach.<\/p><\/blockquote>\n","protected":false},"excerpt":{"rendered":"<p>Nazbierajte ich v\u0161etky! Misia Juice, ktor\u00e1 u\u017e let\u00ed medzipanet\u00e1rnym priestom presk\u00fama o p\u00e1r rokov Jupiter a jeho tri \u013eadov\u00e9 mesiace: Europu, Callisto a Ganymedes, ktor\u00e9 s\u00fa moment\u00e1lne najhor\u00facej\u0161\u00edmi kandid\u00e1tmi na mimozemsk\u00fd \u017eivot.<\/p>\n","protected":false},"featured_media":5362,"comment_status":"open","ping_status":"closed","template":"","meta":[],"product_brand":[],"product_cat":[184,185],"product_tag":[57,105,202,203,199,198,200,106],"class_list":{"0":"post-5310","1":"product","2":"type-product","3":"status-publish","4":"has-post-thumbnail","6":"product_cat-esa","7":"product_cat-nasivky","8":"product_tag-darcek","9":"product_tag-doplnok","10":"product_tag-esa","11":"product_tag-esa-merch","12":"product_tag-mission-patch","13":"product_tag-nasivka","14":"product_tag-patch","15":"product_tag-vesmir","17":"first","18":"instock","19":"shipping-taxable","20":"purchasable","21":"product-type-simple"},"_links":{"self":[{"href":"https:\/\/skafander.sk\/index.php?rest_route=\/wp\/v2\/product\/5310","targetHints":{"allow":["GET"]}}],"collection":[{"href":"https:\/\/skafander.sk\/index.php?rest_route=\/wp\/v2\/product"}],"about":[{"href":"https:\/\/skafander.sk\/index.php?rest_route=\/wp\/v2\/types\/product"}],"replies":[{"embeddable":true,"href":"https:\/\/skafander.sk\/index.php?rest_route=%2Fwp%2Fv2%2Fcomments&post=5310"}],"wp:featuredmedia":[{"embeddable":true,"href":"https:\/\/skafander.sk\/index.php?rest_route=\/wp\/v2\/media\/5362"}],"wp:attachment":[{"href":"https:\/\/skafander.sk\/index.php?rest_route=%2Fwp%2Fv2%2Fmedia&parent=5310"}],"wp:term":[{"taxonomy":"product_brand","embeddable":true,"href":"https:\/\/skafander.sk\/index.php?rest_route=%2Fwp%2Fv2%2Fproduct_brand&post=5310"},{"taxonomy":"product_cat","embeddable":true,"href":"https:\/\/skafander.sk\/index.php?rest_route=%2Fwp%2Fv2%2Fproduct_cat&post=5310"},{"taxonomy":"product_tag","embeddable":true,"href":"https:\/\/skafander.sk\/index.php?rest_route=%2Fwp%2Fv2%2Fproduct_tag&post=5310"}],"curies":[{"name":"wp","href":"https:\/\/api.w.org\/{rel}","templated":true}]}}