{"id":5309,"date":"2024-09-12T13:34:11","date_gmt":"2024-09-12T11:34:11","guid":{"rendered":"https:\/\/skafander.sk\/?post_type=product&#038;p=5309"},"modified":"2024-09-12T13:38:01","modified_gmt":"2024-09-12T11:38:01","slug":"nasivka-huginn","status":"publish","type":"product","link":"https:\/\/skafander.sk\/?product=nasivka-huginn","title":{"rendered":"N\u00e1\u0161ivka HUGINN"},"content":{"rendered":"<p>T\u00e1to kolekcia je in\u0161pirovan\u00e1 misiou Huginn. N\u00e1zov misie pre astronauta ESA Andreasa Mogensena poch\u00e1dza z mien dvoch havranov v severskej mytol\u00f3gii: Huginn predstavuje my\u0161lienku a Muninn predstavuje pam\u00e4\u0165. Dva vt\u00e1ky spolu symbolizuj\u00fa \u013eudsk\u00fa myse\u013e a ich \u00falohou bolo lieta\u0165 a zbiera\u0165 svetsk\u00e9 poznatky, tak ako astronauti lietaj\u00fa do vesm\u00edru vykon\u00e1va\u0165 vedeck\u00e9 experimenty, ktor\u00e9 pom\u00e1haj\u00fa zlep\u0161ova\u0165 \u017eivot na Zemi.<\/p>\n<p>N\u00e1\u0161ivka ma na spodnej strane vrstvu tepelne aktivovan\u00e9ho lepidla, ktor\u00e9 umo\u017e\u0148uje jej ne\u017eehlenie na r\u00f4zne typy text\u00edli\u00ed.<\/p>\n<p><strong>MATERI\u00c1L:<\/strong> 100% polyester<\/p>\n<p><strong>ROZMERY:<\/strong> Priemer: 10 cm<\/p>\n","protected":false},"excerpt":{"rendered":"<p>Nazbierajte ich v\u0161etky! Toto je n\u00e1\u0161ivka Huginn s logom druhej misie astronauta ESA Andreasa Mogensena na Medzin\u00e1rodnej vesm\u00edrnej stanici.<\/p>\n","protected":false},"featured_media":5361,"comment_status":"open","ping_status":"closed","template":"","meta":[],"product_brand":[],"product_cat":[184,185],"product_tag":[57,105,199,198,200,106],"class_list":{"0":"post-5309","1":"product","2":"type-product","3":"status-publish","4":"has-post-thumbnail","6":"product_cat-esa","7":"product_cat-nasivky","8":"product_tag-darcek","9":"product_tag-doplnok","10":"product_tag-mission-patch","11":"product_tag-nasivka","12":"product_tag-patch","13":"product_tag-vesmir","15":"first","16":"instock","17":"shipping-taxable","18":"purchasable","19":"product-type-simple"},"_links":{"self":[{"href":"https:\/\/skafander.sk\/index.php?rest_route=\/wp\/v2\/product\/5309","targetHints":{"allow":["GET"]}}],"collection":[{"href":"https:\/\/skafander.sk\/index.php?rest_route=\/wp\/v2\/product"}],"about":[{"href":"https:\/\/skafander.sk\/index.php?rest_route=\/wp\/v2\/types\/product"}],"replies":[{"embeddable":true,"href":"https:\/\/skafander.sk\/index.php?rest_route=%2Fwp%2Fv2%2Fcomments&post=5309"}],"wp:featuredmedia":[{"embeddable":true,"href":"https:\/\/skafander.sk\/index.php?rest_route=\/wp\/v2\/media\/5361"}],"wp:attachment":[{"href":"https:\/\/skafander.sk\/index.php?rest_route=%2Fwp%2Fv2%2Fmedia&parent=5309"}],"wp:term":[{"taxonomy":"product_brand","embeddable":true,"href":"https:\/\/skafander.sk\/index.php?rest_route=%2Fwp%2Fv2%2Fproduct_brand&post=5309"},{"taxonomy":"product_cat","embeddable":true,"href":"https:\/\/skafander.sk\/index.php?rest_route=%2Fwp%2Fv2%2Fproduct_cat&post=5309"},{"taxonomy":"product_tag","embeddable":true,"href":"https:\/\/skafander.sk\/index.php?rest_route=%2Fwp%2Fv2%2Fproduct_tag&post=5309"}],"curies":[{"name":"wp","href":"https:\/\/api.w.org\/{rel}","templated":true}]}}