{"id":5307,"date":"2024-09-12T13:34:11","date_gmt":"2024-09-12T11:34:11","guid":{"rendered":"https:\/\/skafander.sk\/?post_type=product&#038;p=5307"},"modified":"2024-09-12T13:37:55","modified_gmt":"2024-09-12T11:37:55","slug":"nasivka-orion-esm","status":"publish","type":"product","link":"https:\/\/skafander.sk\/?product=nasivka-orion-esm","title":{"rendered":"N\u00e1\u0161ivka ORION ESM"},"content":{"rendered":"<p>Vesm\u00edrne n\u00e1\u0161ivky zn\u00e1me tie\u017e ako &#8220;Mission patches&#8221; s\u00fa skvel\u00fdm doplnkom do zbierky ka\u017ed\u00e9ho vesm\u00edrneho nad\u0161enca.<\/p>\n<p>N\u00e1\u0161ivka ma na spodnej strane vrstvu tepelne aktivovan\u00e9ho lepidla, ktor\u00e9 umo\u017e\u0148uje jej ne\u017eehlenie na r\u00f4zne typy text\u00edli\u00ed.<\/p>\n<p><strong>MATERI\u00c1L:<\/strong> 100% polyester<\/p>\n<p><strong>ROZMERY:<\/strong> Priemer: 10 cm. Priemer vr\u00e1tane pret\u0155\u010daj\u00facich \u010dast\u00ed: 13 cm<\/p>\n","protected":false},"excerpt":{"rendered":"<p>Nazbierajte ich v\u0161etky! Toto je n\u00e1\u0161ivka Orion ESM, zobrazuj\u00faca kozmick\u00fa lo\u010f, ktor\u00e1 v\u010faka inovat\u00edvnej technol\u00f3gii doprav\u00ed astronautov \u010falej ne\u017e kedyko\u013evek predt\u00fdm.<\/p>\n","protected":false},"featured_media":5359,"comment_status":"open","ping_status":"closed","template":"","meta":[],"product_brand":[],"product_cat":[184,185],"product_tag":[57,70,105,202,199,198,200,108,106],"class_list":{"0":"post-5307","1":"product","2":"type-product","3":"status-publish","4":"has-post-thumbnail","6":"product_cat-esa","7":"product_cat-nasivky","8":"product_tag-darcek","9":"product_tag-dekoracia","10":"product_tag-doplnok","11":"product_tag-esa","12":"product_tag-mission-patch","13":"product_tag-nasivka","14":"product_tag-patch","15":"product_tag-space","16":"product_tag-vesmir","18":"first","19":"instock","20":"shipping-taxable","21":"purchasable","22":"product-type-simple"},"_links":{"self":[{"href":"https:\/\/skafander.sk\/index.php?rest_route=\/wp\/v2\/product\/5307","targetHints":{"allow":["GET"]}}],"collection":[{"href":"https:\/\/skafander.sk\/index.php?rest_route=\/wp\/v2\/product"}],"about":[{"href":"https:\/\/skafander.sk\/index.php?rest_route=\/wp\/v2\/types\/product"}],"replies":[{"embeddable":true,"href":"https:\/\/skafander.sk\/index.php?rest_route=%2Fwp%2Fv2%2Fcomments&post=5307"}],"wp:featuredmedia":[{"embeddable":true,"href":"https:\/\/skafander.sk\/index.php?rest_route=\/wp\/v2\/media\/5359"}],"wp:attachment":[{"href":"https:\/\/skafander.sk\/index.php?rest_route=%2Fwp%2Fv2%2Fmedia&parent=5307"}],"wp:term":[{"taxonomy":"product_brand","embeddable":true,"href":"https:\/\/skafander.sk\/index.php?rest_route=%2Fwp%2Fv2%2Fproduct_brand&post=5307"},{"taxonomy":"product_cat","embeddable":true,"href":"https:\/\/skafander.sk\/index.php?rest_route=%2Fwp%2Fv2%2Fproduct_cat&post=5307"},{"taxonomy":"product_tag","embeddable":true,"href":"https:\/\/skafander.sk\/index.php?rest_route=%2Fwp%2Fv2%2Fproduct_tag&post=5307"}],"curies":[{"name":"wp","href":"https:\/\/api.w.org\/{rel}","templated":true}]}}