{"id":5301,"date":"2024-09-12T13:34:10","date_gmt":"2024-09-12T11:34:10","guid":{"rendered":"https:\/\/skafander.sk\/?post_type=product&#038;p=5301"},"modified":"2024-09-12T13:35:56","modified_gmt":"2024-09-12T11:35:56","slug":"stylova-ciapka-sosa","status":"publish","type":"product","link":"https:\/\/skafander.sk\/?product=stylova-ciapka-sosa","title":{"rendered":"\u0160t\u00fdlov\u00e1 \u010diapka SOSA"},"content":{"rendered":"<p>Materi\u00e1l:<br \/>\n46% visk\u00f3za<br \/>\n29% polyester<br \/>\n25% polyamid<\/p>\n<p>Priemer odznaku 2,5 cm<\/p>\n","protected":false},"excerpt":{"rendered":"<p>Ve\u013emi jemn\u00e1 a pr\u00edjemn\u00e1 \u010diapka v univerz\u00e1lnej ve\u013ekosti, vhodn\u00e1 pre \u017eeny aj mu\u017eov. Ozdoben\u00e1 odznakom s logom Slovenskej organiz\u00e1cie pre vesm\u00edrne aktivity.<\/p>\n<p><em>K\u00fapou tohto produktu podpor\u00edte ob\u010dianske zdru\u017eenie <a href=\"http:\/\/sosa.sk\" target=\"_blank\" rel=\"noopener noreferrer\">Slovensk\u00e1 organiz\u00e1cia pre vesm\u00edrne aktivity<\/a><\/em><\/p>\n","protected":false},"featured_media":5345,"comment_status":"open","ping_status":"closed","template":"","meta":[],"product_brand":[],"product_cat":[6,164,161],"product_tag":[96,183,57,120,70,15,105,56,89,85,86,76,74,13,108,106],"class_list":{"0":"post-5301","1":"product","2":"type-product","3":"status-publish","4":"has-post-thumbnail","6":"product_cat-oblecenie","7":"product_cat-damske-oblecenie","8":"product_cat-panske-oblecenie","9":"product_tag-astronaut","10":"product_tag-ciapka","11":"product_tag-darcek","12":"product_tag-darceky","13":"product_tag-dekoracia","14":"product_tag-doplnky","15":"product_tag-doplnok","16":"product_tag-hviezdy","17":"product_tag-i-need-more-space","18":"product_tag-limited-edition","19":"product_tag-logo","20":"product_tag-napis","21":"product_tag-per-aspera-ad-astra","22":"product_tag-sosa","23":"product_tag-space","24":"product_tag-vesmir","26":"first","27":"instock","28":"shipping-taxable","29":"purchasable","30":"product-type-simple"},"_links":{"self":[{"href":"https:\/\/skafander.sk\/index.php?rest_route=\/wp\/v2\/product\/5301","targetHints":{"allow":["GET"]}}],"collection":[{"href":"https:\/\/skafander.sk\/index.php?rest_route=\/wp\/v2\/product"}],"about":[{"href":"https:\/\/skafander.sk\/index.php?rest_route=\/wp\/v2\/types\/product"}],"replies":[{"embeddable":true,"href":"https:\/\/skafander.sk\/index.php?rest_route=%2Fwp%2Fv2%2Fcomments&post=5301"}],"wp:featuredmedia":[{"embeddable":true,"href":"https:\/\/skafander.sk\/index.php?rest_route=\/wp\/v2\/media\/5345"}],"wp:attachment":[{"href":"https:\/\/skafander.sk\/index.php?rest_route=%2Fwp%2Fv2%2Fmedia&parent=5301"}],"wp:term":[{"taxonomy":"product_brand","embeddable":true,"href":"https:\/\/skafander.sk\/index.php?rest_route=%2Fwp%2Fv2%2Fproduct_brand&post=5301"},{"taxonomy":"product_cat","embeddable":true,"href":"https:\/\/skafander.sk\/index.php?rest_route=%2Fwp%2Fv2%2Fproduct_cat&post=5301"},{"taxonomy":"product_tag","embeddable":true,"href":"https:\/\/skafander.sk\/index.php?rest_route=%2Fwp%2Fv2%2Fproduct_tag&post=5301"}],"curies":[{"name":"wp","href":"https:\/\/api.w.org\/{rel}","templated":true}]}}