{"id":5299,"date":"2024-09-12T13:34:10","date_gmt":"2024-09-12T11:34:10","guid":{"rendered":"https:\/\/skafander.sk\/?post_type=product&#038;p=5299"},"modified":"2024-09-12T13:35:00","modified_gmt":"2024-09-12T11:35:00","slug":"nazehlovacky-hubble","status":"publish","type":"product","link":"https:\/\/skafander.sk\/?product=nazehlovacky-hubble","title":{"rendered":"Na\u017eeh\u013eova\u010dky HUBBLE"},"content":{"rendered":"<p>3 kusy na\u017eeh\u013eova\u010diek:<\/p>\n<ul>\n<li>Kruh Hubble Space Telescope (priemer 9 cm)<\/li>\n<li>Raketa (rozmer 8 x 3 cm)<\/li>\n<li>Ov\u00e1l Astronaut (rozmer 10 x 8,5 cm)<\/li>\n<\/ul>\n<p>Vhodn\u00e9 na textil.<br \/>\nAplikujte na\u017eeh\u013eova\u010dku na textil pomocou \u017eehli\u010dky v\u00fdhradne cez tenk\u00fa tkaninu (kuchynsk\u00e1 utierka, bavlnen\u00e1 vreckovka a pod.), pr\u00edpadne cez papier na pe\u010denie. Neprikladajte \u017eehli\u010dku priamo na na\u017eeh\u013eova\u010dku! Nepou\u017e\u00edvajte na aplik\u00e1ciu funkciu hor\u00facej pary!<\/p>\n","protected":false},"excerpt":{"rendered":"<p>Set troch \u0161t\u00fdlov\u00fdch na\u017eeh\u013eova\u010diek, ktor\u00fdmi m\u00f4\u017eete vylep\u0161i\u0165 svoje tri\u010dko, nohavice \u010di batoh!<\/p>\n","protected":false},"featured_media":5340,"comment_status":"open","ping_status":"closed","template":"","meta":[],"product_brand":[],"product_cat":[67,6,164,161],"product_tag":[96,57,70,56,158,104,103,160,108,159,54,157,106],"class_list":{"0":"post-5299","1":"product","2":"type-product","3":"status-publish","4":"has-post-thumbnail","6":"product_cat-doplnky","7":"product_cat-oblecenie","8":"product_cat-damske-oblecenie","9":"product_cat-panske-oblecenie","10":"product_tag-astronaut","11":"product_tag-darcek","12":"product_tag-dekoracia","13":"product_tag-hviezdy","14":"product_tag-pilot","15":"product_tag-raketa","16":"product_tag-rocket","17":"product_tag-skafander","18":"product_tag-space","19":"product_tag-space-pilot","20":"product_tag-stars","21":"product_tag-textil","22":"product_tag-vesmir","24":"first","25":"instock","26":"shipping-taxable","27":"purchasable","28":"product-type-simple"},"_links":{"self":[{"href":"https:\/\/skafander.sk\/index.php?rest_route=\/wp\/v2\/product\/5299","targetHints":{"allow":["GET"]}}],"collection":[{"href":"https:\/\/skafander.sk\/index.php?rest_route=\/wp\/v2\/product"}],"about":[{"href":"https:\/\/skafander.sk\/index.php?rest_route=\/wp\/v2\/types\/product"}],"replies":[{"embeddable":true,"href":"https:\/\/skafander.sk\/index.php?rest_route=%2Fwp%2Fv2%2Fcomments&post=5299"}],"wp:featuredmedia":[{"embeddable":true,"href":"https:\/\/skafander.sk\/index.php?rest_route=\/wp\/v2\/media\/5340"}],"wp:attachment":[{"href":"https:\/\/skafander.sk\/index.php?rest_route=%2Fwp%2Fv2%2Fmedia&parent=5299"}],"wp:term":[{"taxonomy":"product_brand","embeddable":true,"href":"https:\/\/skafander.sk\/index.php?rest_route=%2Fwp%2Fv2%2Fproduct_brand&post=5299"},{"taxonomy":"product_cat","embeddable":true,"href":"https:\/\/skafander.sk\/index.php?rest_route=%2Fwp%2Fv2%2Fproduct_cat&post=5299"},{"taxonomy":"product_tag","embeddable":true,"href":"https:\/\/skafander.sk\/index.php?rest_route=%2Fwp%2Fv2%2Fproduct_tag&post=5299"}],"curies":[{"name":"wp","href":"https:\/\/api.w.org\/{rel}","templated":true}]}}