{"id":5288,"date":"2024-09-12T13:33:44","date_gmt":"2024-09-12T11:33:44","guid":{"rendered":"https:\/\/skafander.sk\/?post_type=product&#038;p=5288"},"modified":"2024-09-12T13:34:42","modified_gmt":"2024-09-12T11:34:42","slug":"tricko-yuri-gagarin-cierne","status":"publish","type":"product","link":"https:\/\/skafander.sk\/?product=tricko-yuri-gagarin-cierne","title":{"rendered":"Tri\u010dko YURI GAGARIN \u010dierne"},"content":{"rendered":"<p>Materi\u00e1l: 100% bavlna<\/p>\n<p>Ve\u013ekosti:<br \/>\nS \u2013 \u0161\u00edrka 51 cm, d\u013a\u017eka 72 cm<br \/>\nM \u2013 \u0161\u00edrka 53 cm, d\u013a\u017eka 73 cm<br \/>\nL \u2013 \u0161\u00edrka 55 cm, d\u013a\u017eka 74 cm<br \/>\nXL \u2013 \u0161\u00edrka 57 cm, d\u013a\u017eka 76 cm<br \/>\nXXL \u2013 \u0161\u00edrka 60 cm, d\u013a\u017eka 78 cm<\/p>\n","protected":false},"excerpt":{"rendered":"<p>\u010cierne bavlnen\u00e9 tri\u010dko klasick\u00e9ho rovn\u00e9ho strihu s ilustr\u00e1ciou Yuriho Gagarina. Pr\u00e1ve on bol prv\u00fd \u010dlovek, ktor\u00fd vzlietol do vesm\u00edru. Svoj kozmick\u00fd let od\u0161tartoval 12. apr\u00edla 1961 na lodi Vostok 1 z kozmodr\u00f3mu Bajkonur. Obletel Zem a po 106 min\u00fatach prist\u00e1l.<\/p>\n","protected":false},"featured_media":5320,"comment_status":"open","ping_status":"closed","template":"","meta":[],"product_brand":[],"product_cat":[6,161,165],"product_tag":[96,57,120,15,105,177,56,89,88,85,86,74,108,80,12,143,106,178],"class_list":{"0":"post-5288","1":"product","2":"type-product","3":"status-publish","4":"has-post-thumbnail","6":"product_cat-oblecenie","7":"product_cat-panske-oblecenie","8":"product_cat-tricka","9":"product_tag-astronaut","10":"product_tag-darcek","11":"product_tag-darceky","12":"product_tag-doplnky","13":"product_tag-doplnok","14":"product_tag-gagarin","15":"product_tag-hviezdy","16":"product_tag-i-need-more-space","17":"product_tag-kozmonaut","18":"product_tag-limited-edition","19":"product_tag-logo","20":"product_tag-per-aspera-ad-astra","21":"product_tag-space","22":"product_tag-t-shirt","23":"product_tag-tricko","24":"product_tag-tshirt","25":"product_tag-vesmir","26":"product_tag-yuris-night","28":"first","29":"instock","30":"shipping-taxable","31":"purchasable","32":"product-type-variable"},"_links":{"self":[{"href":"https:\/\/skafander.sk\/index.php?rest_route=\/wp\/v2\/product\/5288","targetHints":{"allow":["GET"]}}],"collection":[{"href":"https:\/\/skafander.sk\/index.php?rest_route=\/wp\/v2\/product"}],"about":[{"href":"https:\/\/skafander.sk\/index.php?rest_route=\/wp\/v2\/types\/product"}],"replies":[{"embeddable":true,"href":"https:\/\/skafander.sk\/index.php?rest_route=%2Fwp%2Fv2%2Fcomments&post=5288"}],"wp:featuredmedia":[{"embeddable":true,"href":"https:\/\/skafander.sk\/index.php?rest_route=\/wp\/v2\/media\/5320"}],"wp:attachment":[{"href":"https:\/\/skafander.sk\/index.php?rest_route=%2Fwp%2Fv2%2Fmedia&parent=5288"}],"wp:term":[{"taxonomy":"product_brand","embeddable":true,"href":"https:\/\/skafander.sk\/index.php?rest_route=%2Fwp%2Fv2%2Fproduct_brand&post=5288"},{"taxonomy":"product_cat","embeddable":true,"href":"https:\/\/skafander.sk\/index.php?rest_route=%2Fwp%2Fv2%2Fproduct_cat&post=5288"},{"taxonomy":"product_tag","embeddable":true,"href":"https:\/\/skafander.sk\/index.php?rest_route=%2Fwp%2Fv2%2Fproduct_tag&post=5288"}],"curies":[{"name":"wp","href":"https:\/\/api.w.org\/{rel}","templated":true}]}}