{"id":5283,"date":"2024-09-12T13:33:43","date_gmt":"2024-09-12T11:33:43","guid":{"rendered":"https:\/\/skafander.sk\/?post_type=product&#038;p=5283"},"modified":"2026-03-19T11:45:28","modified_gmt":"2026-03-19T10:45:28","slug":"tricko-yuri-gagarin-biele","status":"publish","type":"product","link":"https:\/\/skafander.sk\/?product=tricko-yuri-gagarin-biele","title":{"rendered":"Tri\u010dko YURI GAGARIN biele"},"content":{"rendered":"<p>Materi\u00e1l: 100% bavlna<\/p>\n<p>Ve\u013ekosti:<br \/>\nXS &#8211; \u0161\u00edrka 49 cm, d\u013a\u017eka 70 cm<br \/>\nS \u2013 \u0161\u00edrka 51 cm, d\u013a\u017eka 72 cm<br \/>\nM \u2013 \u0161\u00edrka 53 cm, d\u013a\u017eka 73 cm<br \/>\nL \u2013 \u0161\u00edrka 55 cm, d\u013a\u017eka 74 cm<br \/>\nXL \u2013 \u0161\u00edrka 57 cm, d\u013a\u017eka 76 cm<br \/>\nXXL \u2013 \u0161\u00edrka 60 cm, d\u013a\u017eka 78 cm<\/p>\n","protected":false},"excerpt":{"rendered":"<p>Biele bavlnen\u00e9 tri\u010dko klasick\u00e9ho rovn\u00e9ho strihu s ilustr\u00e1ciou Yuriho Gagarina. Pr\u00e1ve on bol prv\u00fd \u010dlovek, ktor\u00fd vzlietol do\u00a0vesm\u00edru. Svoj\u00a0kozmick\u00fd let\u00a0od\u0161tartoval\u00a012. apr\u00edla\u00a01961\u00a0na lodi\u00a0Vostok 1\u00a0z kozmodr\u00f3mu\u00a0Bajkonur. Obletel Zem a po 106 min\u00fatach prist\u00e1l.<\/p>\n","protected":false},"featured_media":5319,"comment_status":"open","ping_status":"closed","template":"","meta":[],"product_brand":[],"product_cat":[6,161,165],"product_tag":[96,57,120,15,105,177,56,89,88,85,74,108,12,143,106,178],"class_list":{"0":"post-5283","1":"product","2":"type-product","3":"status-publish","4":"has-post-thumbnail","6":"product_cat-oblecenie","7":"product_cat-panske-oblecenie","8":"product_cat-tricka","9":"product_tag-astronaut","10":"product_tag-darcek","11":"product_tag-darceky","12":"product_tag-doplnky","13":"product_tag-doplnok","14":"product_tag-gagarin","15":"product_tag-hviezdy","16":"product_tag-i-need-more-space","17":"product_tag-kozmonaut","18":"product_tag-limited-edition","19":"product_tag-per-aspera-ad-astra","20":"product_tag-space","21":"product_tag-tricko","22":"product_tag-tshirt","23":"product_tag-vesmir","24":"product_tag-yuris-night","26":"first","27":"instock","28":"shipping-taxable","29":"purchasable","30":"product-type-variable"},"_links":{"self":[{"href":"https:\/\/skafander.sk\/index.php?rest_route=\/wp\/v2\/product\/5283","targetHints":{"allow":["GET"]}}],"collection":[{"href":"https:\/\/skafander.sk\/index.php?rest_route=\/wp\/v2\/product"}],"about":[{"href":"https:\/\/skafander.sk\/index.php?rest_route=\/wp\/v2\/types\/product"}],"replies":[{"embeddable":true,"href":"https:\/\/skafander.sk\/index.php?rest_route=%2Fwp%2Fv2%2Fcomments&post=5283"}],"wp:featuredmedia":[{"embeddable":true,"href":"https:\/\/skafander.sk\/index.php?rest_route=\/wp\/v2\/media\/5319"}],"wp:attachment":[{"href":"https:\/\/skafander.sk\/index.php?rest_route=%2Fwp%2Fv2%2Fmedia&parent=5283"}],"wp:term":[{"taxonomy":"product_brand","embeddable":true,"href":"https:\/\/skafander.sk\/index.php?rest_route=%2Fwp%2Fv2%2Fproduct_brand&post=5283"},{"taxonomy":"product_cat","embeddable":true,"href":"https:\/\/skafander.sk\/index.php?rest_route=%2Fwp%2Fv2%2Fproduct_cat&post=5283"},{"taxonomy":"product_tag","embeddable":true,"href":"https:\/\/skafander.sk\/index.php?rest_route=%2Fwp%2Fv2%2Fproduct_tag&post=5283"}],"curies":[{"name":"wp","href":"https:\/\/api.w.org\/{rel}","templated":true}]}}