{"id":5270,"date":"2024-09-12T13:33:41","date_gmt":"2024-09-12T11:33:41","guid":{"rendered":"https:\/\/skafander.sk\/?post_type=product&#038;p=5270"},"modified":"2024-09-12T13:34:08","modified_gmt":"2024-09-12T11:34:08","slug":"tricko-space-cadet-damske","status":"publish","type":"product","link":"https:\/\/skafander.sk\/?product=tricko-space-cadet-damske","title":{"rendered":"Tri\u010dko SPACE CADET d\u00e1mske"},"content":{"rendered":"<p>Materi\u00e1l:<\/p>\n<p>90% bavlna<br \/>\n10% elastan<\/p>\n","protected":false},"excerpt":{"rendered":"<p>Siv\u00e9 , mierne elastick\u00e9 d\u00e1mske tri\u010dko s logom NASA a \u010diernym lemovan\u00edm okolo ruk\u00e1vov a goliera<\/p>\n","protected":false},"featured_media":5296,"comment_status":"open","ping_status":"closed","template":"","meta":[],"product_brand":[],"product_cat":[6,164,166],"product_tag":[],"class_list":{"0":"post-5270","1":"product","2":"type-product","3":"status-publish","4":"has-post-thumbnail","6":"product_cat-oblecenie","7":"product_cat-damske-oblecenie","8":"product_cat-tricka-damske-oblecenie","10":"first","11":"instock","12":"shipping-taxable","13":"purchasable","14":"product-type-variable"},"_links":{"self":[{"href":"https:\/\/skafander.sk\/index.php?rest_route=\/wp\/v2\/product\/5270","targetHints":{"allow":["GET"]}}],"collection":[{"href":"https:\/\/skafander.sk\/index.php?rest_route=\/wp\/v2\/product"}],"about":[{"href":"https:\/\/skafander.sk\/index.php?rest_route=\/wp\/v2\/types\/product"}],"replies":[{"embeddable":true,"href":"https:\/\/skafander.sk\/index.php?rest_route=%2Fwp%2Fv2%2Fcomments&post=5270"}],"wp:featuredmedia":[{"embeddable":true,"href":"https:\/\/skafander.sk\/index.php?rest_route=\/wp\/v2\/media\/5296"}],"wp:attachment":[{"href":"https:\/\/skafander.sk\/index.php?rest_route=%2Fwp%2Fv2%2Fmedia&parent=5270"}],"wp:term":[{"taxonomy":"product_brand","embeddable":true,"href":"https:\/\/skafander.sk\/index.php?rest_route=%2Fwp%2Fv2%2Fproduct_brand&post=5270"},{"taxonomy":"product_cat","embeddable":true,"href":"https:\/\/skafander.sk\/index.php?rest_route=%2Fwp%2Fv2%2Fproduct_cat&post=5270"},{"taxonomy":"product_tag","embeddable":true,"href":"https:\/\/skafander.sk\/index.php?rest_route=%2Fwp%2Fv2%2Fproduct_tag&post=5270"}],"curies":[{"name":"wp","href":"https:\/\/api.w.org\/{rel}","templated":true}]}}