{"id":5253,"date":"2024-09-12T13:33:16","date_gmt":"2024-09-12T11:33:16","guid":{"rendered":"https:\/\/skafander.sk\/?post_type=product&#038;p=5253"},"modified":"2024-09-12T13:33:35","modified_gmt":"2024-09-12T11:33:35","slug":"ponozky-r2d2","status":"publish","type":"product","link":"https:\/\/skafander.sk\/?product=ponozky-r2d2","title":{"rendered":"Pono\u017eky R2D2"},"content":{"rendered":"<p>Materi\u00e1l: 85% bavlna, 15% elastan<\/p>\n","protected":false},"excerpt":{"rendered":"<p>Kr\u00e1sne pono\u017eky so zosilnenou \u0161pi\u010dkou a p\u00e4tou s mot\u00edvom sl\u00e1vneho R2D2 zo Star Wars!<\/p>\n<p>P\u00e1nske, ve\u013ekos\u0165 42-46<\/p>\n","protected":false},"featured_media":5264,"comment_status":"open","ping_status":"closed","template":"","meta":[],"product_brand":[],"product_cat":[6,161,168],"product_tag":[57,120,70,15,56,89,74,132,133,108,11,106],"class_list":{"0":"post-5253","1":"product","2":"type-product","3":"status-publish","4":"has-post-thumbnail","6":"product_cat-oblecenie","7":"product_cat-panske-oblecenie","8":"product_cat-ponozky-panske-oblecenie","9":"product_tag-darcek","10":"product_tag-darceky","11":"product_tag-dekoracia","12":"product_tag-doplnky","13":"product_tag-hviezdy","14":"product_tag-i-need-more-space","15":"product_tag-per-aspera-ad-astra","16":"product_tag-ponozky","17":"product_tag-socks","18":"product_tag-space","19":"product_tag-star-wars","20":"product_tag-vesmir","22":"first","23":"instock","24":"shipping-taxable","25":"purchasable","26":"product-type-simple"},"_links":{"self":[{"href":"https:\/\/skafander.sk\/index.php?rest_route=\/wp\/v2\/product\/5253","targetHints":{"allow":["GET"]}}],"collection":[{"href":"https:\/\/skafander.sk\/index.php?rest_route=\/wp\/v2\/product"}],"about":[{"href":"https:\/\/skafander.sk\/index.php?rest_route=\/wp\/v2\/types\/product"}],"replies":[{"embeddable":true,"href":"https:\/\/skafander.sk\/index.php?rest_route=%2Fwp%2Fv2%2Fcomments&post=5253"}],"wp:featuredmedia":[{"embeddable":true,"href":"https:\/\/skafander.sk\/index.php?rest_route=\/wp\/v2\/media\/5264"}],"wp:attachment":[{"href":"https:\/\/skafander.sk\/index.php?rest_route=%2Fwp%2Fv2%2Fmedia&parent=5253"}],"wp:term":[{"taxonomy":"product_brand","embeddable":true,"href":"https:\/\/skafander.sk\/index.php?rest_route=%2Fwp%2Fv2%2Fproduct_brand&post=5253"},{"taxonomy":"product_cat","embeddable":true,"href":"https:\/\/skafander.sk\/index.php?rest_route=%2Fwp%2Fv2%2Fproduct_cat&post=5253"},{"taxonomy":"product_tag","embeddable":true,"href":"https:\/\/skafander.sk\/index.php?rest_route=%2Fwp%2Fv2%2Fproduct_tag&post=5253"}],"curies":[{"name":"wp","href":"https:\/\/api.w.org\/{rel}","templated":true}]}}