{"id":5251,"date":"2024-09-12T13:33:15","date_gmt":"2024-09-12T11:33:15","guid":{"rendered":"https:\/\/skafander.sk\/?post_type=product&#038;p=5251"},"modified":"2024-09-12T13:33:31","modified_gmt":"2024-09-12T11:33:31","slug":"ponozky-hviezdicky-damske","status":"publish","type":"product","link":"https:\/\/skafander.sk\/?product=ponozky-hviezdicky-damske","title":{"rendered":"Pono\u017eky HVIEZDI\u010cKY d\u00e1mske"},"content":{"rendered":"<p>Materi\u00e1l: 85% bavlna, 15% elastan<\/p>\n","protected":false},"excerpt":{"rendered":"<p>Kr\u00e1sne biele vesm\u00edrne pono\u017eky s kontrastn\u00fdmi \u010diernymi ilustr\u00e1ciami \u2013 hviezdy, mesiace a plan\u00e9ty.<\/p>\n<p>D\u00e1mske, ve\u013ekos\u0165 36-40<\/p>\n","protected":false},"featured_media":5262,"comment_status":"open","ping_status":"closed","template":"","meta":[],"product_brand":[],"product_cat":[6,164,167],"product_tag":[57,120,15,56,89,65,66,74,132,133,106],"class_list":{"0":"post-5251","1":"product","2":"type-product","3":"status-publish","4":"has-post-thumbnail","6":"product_cat-oblecenie","7":"product_cat-damske-oblecenie","8":"product_cat-ponozky","9":"product_tag-darcek","10":"product_tag-darceky","11":"product_tag-doplnky","12":"product_tag-hviezdy","13":"product_tag-i-need-more-space","14":"product_tag-mesiac","15":"product_tag-moon","16":"product_tag-per-aspera-ad-astra","17":"product_tag-ponozky","18":"product_tag-socks","19":"product_tag-vesmir","21":"first","22":"instock","23":"shipping-taxable","24":"purchasable","25":"product-type-simple"},"_links":{"self":[{"href":"https:\/\/skafander.sk\/index.php?rest_route=\/wp\/v2\/product\/5251","targetHints":{"allow":["GET"]}}],"collection":[{"href":"https:\/\/skafander.sk\/index.php?rest_route=\/wp\/v2\/product"}],"about":[{"href":"https:\/\/skafander.sk\/index.php?rest_route=\/wp\/v2\/types\/product"}],"replies":[{"embeddable":true,"href":"https:\/\/skafander.sk\/index.php?rest_route=%2Fwp%2Fv2%2Fcomments&post=5251"}],"wp:featuredmedia":[{"embeddable":true,"href":"https:\/\/skafander.sk\/index.php?rest_route=\/wp\/v2\/media\/5262"}],"wp:attachment":[{"href":"https:\/\/skafander.sk\/index.php?rest_route=%2Fwp%2Fv2%2Fmedia&parent=5251"}],"wp:term":[{"taxonomy":"product_brand","embeddable":true,"href":"https:\/\/skafander.sk\/index.php?rest_route=%2Fwp%2Fv2%2Fproduct_brand&post=5251"},{"taxonomy":"product_cat","embeddable":true,"href":"https:\/\/skafander.sk\/index.php?rest_route=%2Fwp%2Fv2%2Fproduct_cat&post=5251"},{"taxonomy":"product_tag","embeddable":true,"href":"https:\/\/skafander.sk\/index.php?rest_route=%2Fwp%2Fv2%2Fproduct_tag&post=5251"}],"curies":[{"name":"wp","href":"https:\/\/api.w.org\/{rel}","templated":true}]}}