{"id":5226,"date":"2024-09-12T13:32:21","date_gmt":"2024-09-12T11:32:21","guid":{"rendered":"https:\/\/skafander.sk\/?post_type=product&#038;p=5226"},"modified":"2024-09-12T13:33:38","modified_gmt":"2024-09-12T11:33:38","slug":"tricko-rocket-damske","status":"publish","type":"product","link":"https:\/\/skafander.sk\/?product=tricko-rocket-damske","title":{"rendered":"Tri\u010dko ROCKET d\u00e1mske"},"content":{"rendered":"<p>Materi\u00e1l: 100% bavlna<\/p>\n","protected":false},"excerpt":{"rendered":"<p>Biele bavlnen\u00e9 tri\u010dko z\u00fa\u017een\u00e9ho d\u00e1mskeho strihu s ilustr\u00e1ciou rakety, dostupn\u00e9 aj v <a href=\"http:\/\/skafander.sk\/index.php\/produkt\/tricko-rocket\/\" target=\"_blank\" rel=\"noopener noreferrer\">p\u00e1nskej verzii<\/a><\/p>\n","protected":false},"featured_media":5258,"comment_status":"open","ping_status":"closed","template":"","meta":[],"product_brand":[],"product_cat":[6,164,166],"product_tag":[96,57,120,15,56,89,88,65,66,74,91,97,104,103,108,12,143,106],"class_list":{"0":"post-5226","1":"product","2":"type-product","3":"status-publish","4":"has-post-thumbnail","6":"product_cat-oblecenie","7":"product_cat-damske-oblecenie","8":"product_cat-tricka-damske-oblecenie","9":"product_tag-astronaut","10":"product_tag-darcek","11":"product_tag-darceky","12":"product_tag-doplnky","13":"product_tag-hviezdy","14":"product_tag-i-need-more-space","15":"product_tag-kozmonaut","16":"product_tag-mesiac","17":"product_tag-moon","18":"product_tag-per-aspera-ad-astra","19":"product_tag-planet","20":"product_tag-planetka","21":"product_tag-raketa","22":"product_tag-rocket","23":"product_tag-space","24":"product_tag-tricko","25":"product_tag-tshirt","26":"product_tag-vesmir","28":"first","29":"instock","30":"shipping-taxable","31":"purchasable","32":"product-type-variable"},"_links":{"self":[{"href":"https:\/\/skafander.sk\/index.php?rest_route=\/wp\/v2\/product\/5226","targetHints":{"allow":["GET"]}}],"collection":[{"href":"https:\/\/skafander.sk\/index.php?rest_route=\/wp\/v2\/product"}],"about":[{"href":"https:\/\/skafander.sk\/index.php?rest_route=\/wp\/v2\/types\/product"}],"replies":[{"embeddable":true,"href":"https:\/\/skafander.sk\/index.php?rest_route=%2Fwp%2Fv2%2Fcomments&post=5226"}],"wp:featuredmedia":[{"embeddable":true,"href":"https:\/\/skafander.sk\/index.php?rest_route=\/wp\/v2\/media\/5258"}],"wp:attachment":[{"href":"https:\/\/skafander.sk\/index.php?rest_route=%2Fwp%2Fv2%2Fmedia&parent=5226"}],"wp:term":[{"taxonomy":"product_brand","embeddable":true,"href":"https:\/\/skafander.sk\/index.php?rest_route=%2Fwp%2Fv2%2Fproduct_brand&post=5226"},{"taxonomy":"product_cat","embeddable":true,"href":"https:\/\/skafander.sk\/index.php?rest_route=%2Fwp%2Fv2%2Fproduct_cat&post=5226"},{"taxonomy":"product_tag","embeddable":true,"href":"https:\/\/skafander.sk\/index.php?rest_route=%2Fwp%2Fv2%2Fproduct_tag&post=5226"}],"curies":[{"name":"wp","href":"https:\/\/api.w.org\/{rel}","templated":true}]}}