{"id":5218,"date":"2024-09-12T13:31:44","date_gmt":"2024-09-12T11:31:44","guid":{"rendered":"https:\/\/skafander.sk\/?post_type=product&#038;p=5218"},"modified":"2024-09-12T13:33:38","modified_gmt":"2024-09-12T11:33:38","slug":"tricko-go-to-the-moon","status":"publish","type":"product","link":"https:\/\/skafander.sk\/?product=tricko-go-to-the-moon","title":{"rendered":"Tri\u010dko GO TO THE MOON"},"content":{"rendered":"<p>Materi\u00e1l: 100% bavlna<\/p>\n<p>Ve\u013ekosti:<br \/>\nS &#8211; \u0161\u00edrka 51 cm, d\u013a\u017eka 72 cm<br \/>\nM &#8211; \u0161\u00edrka 53 cm, d\u013a\u017eka 73 cm<br \/>\nL \u2013 \u0161\u00edrka 55 cm, d\u013a\u017eka 74 cm<br \/>\nXL \u2013 \u0161\u00edrka 57 cm, d\u013a\u017eka 76 cm<br \/>\nXXL \u2013 \u0161\u00edrka 60 cm, d\u013a\u017eka 78 cm<\/p>\n","protected":false},"excerpt":{"rendered":"<p>\u010cierne bavlnen\u00e9 tri\u010dko klasick\u00e9ho rovn\u00e9ho strihu s astronautami, ktor\u00ed sa \u0161plhaj\u00fa na Mesiac v kontrastnej bielej farbe<\/p>\n","protected":false},"featured_media":5244,"comment_status":"open","ping_status":"closed","template":"","meta":[],"product_brand":[],"product_cat":[6,161,165],"product_tag":[96,57,120,15,105,56,89,88,65,66,74,91,103,108,54,12,143,106],"class_list":{"0":"post-5218","1":"product","2":"type-product","3":"status-publish","4":"has-post-thumbnail","6":"product_cat-oblecenie","7":"product_cat-panske-oblecenie","8":"product_cat-tricka","9":"product_tag-astronaut","10":"product_tag-darcek","11":"product_tag-darceky","12":"product_tag-doplnky","13":"product_tag-doplnok","14":"product_tag-hviezdy","15":"product_tag-i-need-more-space","16":"product_tag-kozmonaut","17":"product_tag-mesiac","18":"product_tag-moon","19":"product_tag-per-aspera-ad-astra","20":"product_tag-planet","21":"product_tag-rocket","22":"product_tag-space","23":"product_tag-stars","24":"product_tag-tricko","25":"product_tag-tshirt","26":"product_tag-vesmir","28":"first","29":"instock","30":"shipping-taxable","31":"purchasable","32":"product-type-variable"},"_links":{"self":[{"href":"https:\/\/skafander.sk\/index.php?rest_route=\/wp\/v2\/product\/5218","targetHints":{"allow":["GET"]}}],"collection":[{"href":"https:\/\/skafander.sk\/index.php?rest_route=\/wp\/v2\/product"}],"about":[{"href":"https:\/\/skafander.sk\/index.php?rest_route=\/wp\/v2\/types\/product"}],"replies":[{"embeddable":true,"href":"https:\/\/skafander.sk\/index.php?rest_route=%2Fwp%2Fv2%2Fcomments&post=5218"}],"wp:featuredmedia":[{"embeddable":true,"href":"https:\/\/skafander.sk\/index.php?rest_route=\/wp\/v2\/media\/5244"}],"wp:attachment":[{"href":"https:\/\/skafander.sk\/index.php?rest_route=%2Fwp%2Fv2%2Fmedia&parent=5218"}],"wp:term":[{"taxonomy":"product_brand","embeddable":true,"href":"https:\/\/skafander.sk\/index.php?rest_route=%2Fwp%2Fv2%2Fproduct_brand&post=5218"},{"taxonomy":"product_cat","embeddable":true,"href":"https:\/\/skafander.sk\/index.php?rest_route=%2Fwp%2Fv2%2Fproduct_cat&post=5218"},{"taxonomy":"product_tag","embeddable":true,"href":"https:\/\/skafander.sk\/index.php?rest_route=%2Fwp%2Fv2%2Fproduct_tag&post=5218"}],"curies":[{"name":"wp","href":"https:\/\/api.w.org\/{rel}","templated":true}]}}