{"id":5215,"date":"2024-09-12T13:31:44","date_gmt":"2024-09-12T11:31:44","guid":{"rendered":"https:\/\/skafander.sk\/?post_type=product&#038;p=5215"},"modified":"2024-09-12T13:33:12","modified_gmt":"2024-09-12T11:33:12","slug":"tricko-rocket","status":"publish","type":"product","link":"https:\/\/skafander.sk\/?product=tricko-rocket","title":{"rendered":"Tri\u010dko ROCKET"},"content":{"rendered":"<p>Materi\u00e1l: 100% bavlna<\/p>\n","protected":false},"excerpt":{"rendered":"<p>Biele bavlnen\u00e9 tri\u010dko klasick\u00e9ho rovn\u00e9ho strihu s ilustr\u00e1ciou rakety, dostupn\u00e9 aj v <a href=\"http:\/\/skafander.sk\/index.php\/produkt\/tricko-rocket-damske\/\" target=\"_blank\" rel=\"noopener noreferrer\">d\u00e1mskej verzii<\/a><\/p>\n","protected":false},"featured_media":5243,"comment_status":"open","ping_status":"closed","template":"","meta":[],"product_brand":[],"product_cat":[6,161,165],"product_tag":[96,57,120,15,56,89,88,162,104,163,103,108,12,143,106],"class_list":{"0":"post-5215","1":"product","2":"type-product","3":"status-publish","4":"has-post-thumbnail","6":"product_cat-oblecenie","7":"product_cat-panske-oblecenie","8":"product_cat-tricka","9":"product_tag-astronaut","10":"product_tag-darcek","11":"product_tag-darceky","12":"product_tag-doplnky","13":"product_tag-hviezdy","14":"product_tag-i-need-more-space","15":"product_tag-kozmonaut","16":"product_tag-need-more-space","17":"product_tag-raketa","18":"product_tag-raketoplan","19":"product_tag-rocket","20":"product_tag-space","21":"product_tag-tricko","22":"product_tag-tshirt","23":"product_tag-vesmir","25":"first","26":"instock","27":"shipping-taxable","28":"purchasable","29":"product-type-variable"},"_links":{"self":[{"href":"https:\/\/skafander.sk\/index.php?rest_route=\/wp\/v2\/product\/5215","targetHints":{"allow":["GET"]}}],"collection":[{"href":"https:\/\/skafander.sk\/index.php?rest_route=\/wp\/v2\/product"}],"about":[{"href":"https:\/\/skafander.sk\/index.php?rest_route=\/wp\/v2\/types\/product"}],"replies":[{"embeddable":true,"href":"https:\/\/skafander.sk\/index.php?rest_route=%2Fwp%2Fv2%2Fcomments&post=5215"}],"wp:featuredmedia":[{"embeddable":true,"href":"https:\/\/skafander.sk\/index.php?rest_route=\/wp\/v2\/media\/5243"}],"wp:attachment":[{"href":"https:\/\/skafander.sk\/index.php?rest_route=%2Fwp%2Fv2%2Fmedia&parent=5215"}],"wp:term":[{"taxonomy":"product_brand","embeddable":true,"href":"https:\/\/skafander.sk\/index.php?rest_route=%2Fwp%2Fv2%2Fproduct_brand&post=5215"},{"taxonomy":"product_cat","embeddable":true,"href":"https:\/\/skafander.sk\/index.php?rest_route=%2Fwp%2Fv2%2Fproduct_cat&post=5215"},{"taxonomy":"product_tag","embeddable":true,"href":"https:\/\/skafander.sk\/index.php?rest_route=%2Fwp%2Fv2%2Fproduct_tag&post=5215"}],"curies":[{"name":"wp","href":"https:\/\/api.w.org\/{rel}","templated":true}]}}