{"id":5135,"date":"2024-09-12T13:23:14","date_gmt":"2024-09-12T11:23:14","guid":{"rendered":"https:\/\/skafander.sk\/?post_type=product&#038;p=5135"},"modified":"2024-09-12T13:31:33","modified_gmt":"2024-09-12T11:31:33","slug":"ponozky-suhvezdia-damske","status":"publish","type":"product","link":"https:\/\/skafander.sk\/?product=ponozky-suhvezdia-damske","title":{"rendered":"Pono\u017eky S\u00daHVEZDIA d\u00e1mske"},"content":{"rendered":"<p>Materi\u00e1l: 85% bavlna, 15% elastan<\/p>\n","protected":false},"excerpt":{"rendered":"<p>Kr\u00e1sne vesm\u00edrne pono\u017eky so zosilnenou \u0161pi\u010dkou a p\u00e4tou so s\u00fahvezdiami a plan\u00e9tami.<\/p>\n<p>D\u00e1mske, ve\u013ekos\u0165 36-40<\/p>\n","protected":false},"featured_media":5199,"comment_status":"open","ping_status":"closed","template":"","meta":[],"product_brand":[],"product_cat":[6,164,167],"product_tag":[57,120,15,56,89,74,132,133,108,106],"class_list":{"0":"post-5135","1":"product","2":"type-product","3":"status-publish","4":"has-post-thumbnail","6":"product_cat-oblecenie","7":"product_cat-damske-oblecenie","8":"product_cat-ponozky","9":"product_tag-darcek","10":"product_tag-darceky","11":"product_tag-doplnky","12":"product_tag-hviezdy","13":"product_tag-i-need-more-space","14":"product_tag-per-aspera-ad-astra","15":"product_tag-ponozky","16":"product_tag-socks","17":"product_tag-space","18":"product_tag-vesmir","20":"first","21":"instock","22":"shipping-taxable","23":"purchasable","24":"product-type-simple"},"_links":{"self":[{"href":"https:\/\/skafander.sk\/index.php?rest_route=\/wp\/v2\/product\/5135","targetHints":{"allow":["GET"]}}],"collection":[{"href":"https:\/\/skafander.sk\/index.php?rest_route=\/wp\/v2\/product"}],"about":[{"href":"https:\/\/skafander.sk\/index.php?rest_route=\/wp\/v2\/types\/product"}],"replies":[{"embeddable":true,"href":"https:\/\/skafander.sk\/index.php?rest_route=%2Fwp%2Fv2%2Fcomments&post=5135"}],"wp:featuredmedia":[{"embeddable":true,"href":"https:\/\/skafander.sk\/index.php?rest_route=\/wp\/v2\/media\/5199"}],"wp:attachment":[{"href":"https:\/\/skafander.sk\/index.php?rest_route=%2Fwp%2Fv2%2Fmedia&parent=5135"}],"wp:term":[{"taxonomy":"product_brand","embeddable":true,"href":"https:\/\/skafander.sk\/index.php?rest_route=%2Fwp%2Fv2%2Fproduct_brand&post=5135"},{"taxonomy":"product_cat","embeddable":true,"href":"https:\/\/skafander.sk\/index.php?rest_route=%2Fwp%2Fv2%2Fproduct_cat&post=5135"},{"taxonomy":"product_tag","embeddable":true,"href":"https:\/\/skafander.sk\/index.php?rest_route=%2Fwp%2Fv2%2Fproduct_tag&post=5135"}],"curies":[{"name":"wp","href":"https:\/\/api.w.org\/{rel}","templated":true}]}}