{"id":5125,"date":"2024-09-12T13:21:33","date_gmt":"2024-09-12T11:21:33","guid":{"rendered":"https:\/\/skafander.sk\/?post_type=product&#038;p=5125"},"modified":"2024-12-02T09:55:27","modified_gmt":"2024-12-02T08:55:27","slug":"tricko-occupy-mars","status":"publish","type":"product","link":"https:\/\/skafander.sk\/?product=tricko-occupy-mars","title":{"rendered":"Tri\u010dko OCCUPY MARS"},"content":{"rendered":"<p>Materi\u00e1l: 100% bavlna<\/p>\n<p>Ve\u013ekosti:<br \/>\nS &#8211; \u0161\u00edrka 51 cm, d\u013a\u017eka 72 cm<br \/>\nM &#8211; \u0161\u00edrka 53 cm, d\u013a\u017eka 73 cm<br \/>\nL \u2013 \u0161\u00edrka 55 cm, d\u013a\u017eka 74 cm<br \/>\nXL \u2013 \u0161\u00edrka 57 cm, d\u013a\u017eka 76 cm<br \/>\nXXL \u2013 \u0161\u00edrka 60 cm, d\u013a\u017eka 78 cm<\/p>\n","protected":false},"excerpt":{"rendered":"<p>\u010cierne bavlnen\u00e9 tri\u010dko klasick\u00e9ho rovn\u00e9ho strihu so Spacemanom v jeho \u010dervenej Tesle na ceste k Marsu<\/p>\n","protected":false},"featured_media":5198,"comment_status":"open","ping_status":"closed","template":"","meta":[],"product_brand":[],"product_cat":[6,161,165],"product_tag":[57,82,140,139,138,110,81,12],"class_list":{"0":"post-5125","1":"product","2":"type-product","3":"status-publish","4":"has-post-thumbnail","6":"product_cat-oblecenie","7":"product_cat-panske-oblecenie","8":"product_cat-tricka","9":"product_tag-darcek","10":"product_tag-elon-musk","11":"product_tag-mars","12":"product_tag-occupy-mars","13":"product_tag-space-x","14":"product_tag-spaceman","15":"product_tag-tesla","16":"product_tag-tricko","18":"first","19":"instock","20":"shipping-taxable","21":"purchasable","22":"product-type-variable"},"_links":{"self":[{"href":"https:\/\/skafander.sk\/index.php?rest_route=\/wp\/v2\/product\/5125","targetHints":{"allow":["GET"]}}],"collection":[{"href":"https:\/\/skafander.sk\/index.php?rest_route=\/wp\/v2\/product"}],"about":[{"href":"https:\/\/skafander.sk\/index.php?rest_route=\/wp\/v2\/types\/product"}],"replies":[{"embeddable":true,"href":"https:\/\/skafander.sk\/index.php?rest_route=%2Fwp%2Fv2%2Fcomments&post=5125"}],"wp:featuredmedia":[{"embeddable":true,"href":"https:\/\/skafander.sk\/index.php?rest_route=\/wp\/v2\/media\/5198"}],"wp:attachment":[{"href":"https:\/\/skafander.sk\/index.php?rest_route=%2Fwp%2Fv2%2Fmedia&parent=5125"}],"wp:term":[{"taxonomy":"product_brand","embeddable":true,"href":"https:\/\/skafander.sk\/index.php?rest_route=%2Fwp%2Fv2%2Fproduct_brand&post=5125"},{"taxonomy":"product_cat","embeddable":true,"href":"https:\/\/skafander.sk\/index.php?rest_route=%2Fwp%2Fv2%2Fproduct_cat&post=5125"},{"taxonomy":"product_tag","embeddable":true,"href":"https:\/\/skafander.sk\/index.php?rest_route=%2Fwp%2Fv2%2Fproduct_tag&post=5125"}],"curies":[{"name":"wp","href":"https:\/\/api.w.org\/{rel}","templated":true}]}}