{"id":5124,"date":"2024-09-12T13:21:32","date_gmt":"2024-09-12T11:21:32","guid":{"rendered":"https:\/\/skafander.sk\/?post_type=product&#038;p=5124"},"modified":"2024-09-12T13:31:30","modified_gmt":"2024-09-12T11:31:30","slug":"ponozky-pasikavy-vesmir","status":"publish","type":"product","link":"https:\/\/skafander.sk\/?product=ponozky-pasikavy-vesmir","title":{"rendered":"Pono\u017eky P\u00c1SIKAV\u00dd VESM\u00cdR"},"content":{"rendered":"<p>Materi\u00e1l: 85% bavlna, 15% elastan<\/p>\n","protected":false},"excerpt":{"rendered":"<p>Kr\u00e1sne p\u00e1sikav\u00e9 vesm\u00edrne pono\u017eky so zosilnenou \u017eltou \u0161pi\u010dkou a p\u00e4tou a r\u00f4znymi ilustr\u00e1ciami &#8211; plan\u00e9ty, rakety, hviezdy.<\/p>\n<p>P\u00e1nske, ve\u013ekos\u0165 42-46<\/p>\n","protected":false},"featured_media":5197,"comment_status":"open","ping_status":"closed","template":"","meta":[],"product_brand":[],"product_cat":[6,161,168],"product_tag":[57,132,104,103,133,108,106],"class_list":{"0":"post-5124","1":"product","2":"type-product","3":"status-publish","4":"has-post-thumbnail","6":"product_cat-oblecenie","7":"product_cat-panske-oblecenie","8":"product_cat-ponozky-panske-oblecenie","9":"product_tag-darcek","10":"product_tag-ponozky","11":"product_tag-raketa","12":"product_tag-rocket","13":"product_tag-socks","14":"product_tag-space","15":"product_tag-vesmir","17":"first","18":"instock","19":"shipping-taxable","20":"purchasable","21":"product-type-simple"},"_links":{"self":[{"href":"https:\/\/skafander.sk\/index.php?rest_route=\/wp\/v2\/product\/5124","targetHints":{"allow":["GET"]}}],"collection":[{"href":"https:\/\/skafander.sk\/index.php?rest_route=\/wp\/v2\/product"}],"about":[{"href":"https:\/\/skafander.sk\/index.php?rest_route=\/wp\/v2\/types\/product"}],"replies":[{"embeddable":true,"href":"https:\/\/skafander.sk\/index.php?rest_route=%2Fwp%2Fv2%2Fcomments&post=5124"}],"wp:featuredmedia":[{"embeddable":true,"href":"https:\/\/skafander.sk\/index.php?rest_route=\/wp\/v2\/media\/5197"}],"wp:attachment":[{"href":"https:\/\/skafander.sk\/index.php?rest_route=%2Fwp%2Fv2%2Fmedia&parent=5124"}],"wp:term":[{"taxonomy":"product_brand","embeddable":true,"href":"https:\/\/skafander.sk\/index.php?rest_route=%2Fwp%2Fv2%2Fproduct_brand&post=5124"},{"taxonomy":"product_cat","embeddable":true,"href":"https:\/\/skafander.sk\/index.php?rest_route=%2Fwp%2Fv2%2Fproduct_cat&post=5124"},{"taxonomy":"product_tag","embeddable":true,"href":"https:\/\/skafander.sk\/index.php?rest_route=%2Fwp%2Fv2%2Fproduct_tag&post=5124"}],"curies":[{"name":"wp","href":"https:\/\/api.w.org\/{rel}","templated":true}]}}