{"id":5122,"date":"2024-09-12T13:21:32","date_gmt":"2024-09-12T11:21:32","guid":{"rendered":"https:\/\/skafander.sk\/?post_type=product&#038;p=5122"},"modified":"2024-12-02T09:55:27","modified_gmt":"2024-12-02T08:55:27","slug":"ponozky-planety","status":"publish","type":"product","link":"https:\/\/skafander.sk\/?product=ponozky-planety","title":{"rendered":"Pono\u017eky PLAN\u00c9TY"},"content":{"rendered":"<p>Materi\u00e1l: 85% bavlna, 15% elastan<\/p>\n","protected":false},"excerpt":{"rendered":"<p>Kr\u00e1sne \u010dierne vesm\u00edrne pono\u017eky s plan\u00e9tami a s\u00fahvezdiami.<\/p>\n<p>P\u00e1nske, ve\u013ekos\u0165 42-46<\/p>\n","protected":false},"featured_media":5195,"comment_status":"open","ping_status":"closed","template":"","meta":[],"product_brand":[],"product_cat":[6,161,168],"product_tag":[57,135,91,132,133,136],"class_list":{"0":"post-5122","1":"product","2":"type-product","3":"status-publish","4":"has-post-thumbnail","6":"product_cat-oblecenie","7":"product_cat-panske-oblecenie","8":"product_cat-ponozky-panske-oblecenie","9":"product_tag-darcek","10":"product_tag-galaxy","11":"product_tag-planet","12":"product_tag-ponozky","13":"product_tag-socks","14":"product_tag-suhvezdia","16":"first","17":"instock","18":"shipping-taxable","19":"purchasable","20":"product-type-simple"},"_links":{"self":[{"href":"https:\/\/skafander.sk\/index.php?rest_route=\/wp\/v2\/product\/5122","targetHints":{"allow":["GET"]}}],"collection":[{"href":"https:\/\/skafander.sk\/index.php?rest_route=\/wp\/v2\/product"}],"about":[{"href":"https:\/\/skafander.sk\/index.php?rest_route=\/wp\/v2\/types\/product"}],"replies":[{"embeddable":true,"href":"https:\/\/skafander.sk\/index.php?rest_route=%2Fwp%2Fv2%2Fcomments&post=5122"}],"wp:featuredmedia":[{"embeddable":true,"href":"https:\/\/skafander.sk\/index.php?rest_route=\/wp\/v2\/media\/5195"}],"wp:attachment":[{"href":"https:\/\/skafander.sk\/index.php?rest_route=%2Fwp%2Fv2%2Fmedia&parent=5122"}],"wp:term":[{"taxonomy":"product_brand","embeddable":true,"href":"https:\/\/skafander.sk\/index.php?rest_route=%2Fwp%2Fv2%2Fproduct_brand&post=5122"},{"taxonomy":"product_cat","embeddable":true,"href":"https:\/\/skafander.sk\/index.php?rest_route=%2Fwp%2Fv2%2Fproduct_cat&post=5122"},{"taxonomy":"product_tag","embeddable":true,"href":"https:\/\/skafander.sk\/index.php?rest_route=%2Fwp%2Fv2%2Fproduct_tag&post=5122"}],"curies":[{"name":"wp","href":"https:\/\/api.w.org\/{rel}","templated":true}]}}