{"id":5121,"date":"2024-09-12T13:21:32","date_gmt":"2024-09-12T11:21:32","guid":{"rendered":"https:\/\/skafander.sk\/?post_type=product&#038;p=5121"},"modified":"2024-09-12T13:31:26","modified_gmt":"2024-09-12T11:31:26","slug":"ponozky-modra-raketa","status":"publish","type":"product","link":"https:\/\/skafander.sk\/?product=ponozky-modra-raketa","title":{"rendered":"Pono\u017eky MODR\u00c1 RAKETA"},"content":{"rendered":"<p>Materi\u00e1l: 85% bavlna, 15% elastan<\/p>\n","protected":false},"excerpt":{"rendered":"<p>Kr\u00e1sne vesm\u00edrne pono\u017eky so zosilnenou oran\u017eovou \u0161pi\u010dkou a p\u00e4tou a raketou s plan\u00e9tou a hviezdami na vonkaj\u0161ej strane.<\/p>\n<p>P\u00e1nske, ve\u013ekos\u0165 42-46<\/p>\n","protected":false},"featured_media":5194,"comment_status":"open","ping_status":"closed","template":"","meta":[],"product_brand":[],"product_cat":[6,161,168],"product_tag":[57,89,132,104,103,133],"class_list":{"0":"post-5121","1":"product","2":"type-product","3":"status-publish","4":"has-post-thumbnail","6":"product_cat-oblecenie","7":"product_cat-panske-oblecenie","8":"product_cat-ponozky-panske-oblecenie","9":"product_tag-darcek","10":"product_tag-i-need-more-space","11":"product_tag-ponozky","12":"product_tag-raketa","13":"product_tag-rocket","14":"product_tag-socks","16":"first","17":"instock","18":"shipping-taxable","19":"purchasable","20":"product-type-simple"},"_links":{"self":[{"href":"https:\/\/skafander.sk\/index.php?rest_route=\/wp\/v2\/product\/5121","targetHints":{"allow":["GET"]}}],"collection":[{"href":"https:\/\/skafander.sk\/index.php?rest_route=\/wp\/v2\/product"}],"about":[{"href":"https:\/\/skafander.sk\/index.php?rest_route=\/wp\/v2\/types\/product"}],"replies":[{"embeddable":true,"href":"https:\/\/skafander.sk\/index.php?rest_route=%2Fwp%2Fv2%2Fcomments&post=5121"}],"wp:featuredmedia":[{"embeddable":true,"href":"https:\/\/skafander.sk\/index.php?rest_route=\/wp\/v2\/media\/5194"}],"wp:attachment":[{"href":"https:\/\/skafander.sk\/index.php?rest_route=%2Fwp%2Fv2%2Fmedia&parent=5121"}],"wp:term":[{"taxonomy":"product_brand","embeddable":true,"href":"https:\/\/skafander.sk\/index.php?rest_route=%2Fwp%2Fv2%2Fproduct_brand&post=5121"},{"taxonomy":"product_cat","embeddable":true,"href":"https:\/\/skafander.sk\/index.php?rest_route=%2Fwp%2Fv2%2Fproduct_cat&post=5121"},{"taxonomy":"product_tag","embeddable":true,"href":"https:\/\/skafander.sk\/index.php?rest_route=%2Fwp%2Fv2%2Fproduct_tag&post=5121"}],"curies":[{"name":"wp","href":"https:\/\/api.w.org\/{rel}","templated":true}]}}