{"id":5116,"date":"2024-09-12T13:20:49","date_gmt":"2024-09-12T11:20:49","guid":{"rendered":"https:\/\/skafander.sk\/?post_type=product&#038;p=5116"},"modified":"2024-09-12T13:31:23","modified_gmt":"2024-09-12T11:31:23","slug":"ponozky-suhvezdia","status":"publish","type":"product","link":"https:\/\/skafander.sk\/?product=ponozky-suhvezdia","title":{"rendered":"Pono\u017eky S\u00daHVEZDIA"},"content":{"rendered":"<p>Materi\u00e1l: 85% bavlna, 15% elastan<\/p>\n","protected":false},"excerpt":{"rendered":"<p>Kr\u00e1sne \u010dierne vesm\u00edrne pono\u017eky so s\u00fahvezdiami.<\/p>\n<p>P\u00e1nske, ve\u013ekos\u0165 42-46<\/p>\n","protected":false},"featured_media":5192,"comment_status":"open","ping_status":"closed","template":"","meta":[],"product_brand":[],"product_cat":[6,161,168],"product_tag":[57,70,56,89,132,133,134,106],"class_list":{"0":"post-5116","1":"product","2":"type-product","3":"status-publish","4":"has-post-thumbnail","6":"product_cat-oblecenie","7":"product_cat-panske-oblecenie","8":"product_cat-ponozky-panske-oblecenie","9":"product_tag-darcek","10":"product_tag-dekoracia","11":"product_tag-hviezdy","12":"product_tag-i-need-more-space","13":"product_tag-ponozky","14":"product_tag-socks","15":"product_tag-suhvezdie","16":"product_tag-vesmir","18":"first","19":"instock","20":"shipping-taxable","21":"purchasable","22":"product-type-simple"},"_links":{"self":[{"href":"https:\/\/skafander.sk\/index.php?rest_route=\/wp\/v2\/product\/5116","targetHints":{"allow":["GET"]}}],"collection":[{"href":"https:\/\/skafander.sk\/index.php?rest_route=\/wp\/v2\/product"}],"about":[{"href":"https:\/\/skafander.sk\/index.php?rest_route=\/wp\/v2\/types\/product"}],"replies":[{"embeddable":true,"href":"https:\/\/skafander.sk\/index.php?rest_route=%2Fwp%2Fv2%2Fcomments&post=5116"}],"wp:featuredmedia":[{"embeddable":true,"href":"https:\/\/skafander.sk\/index.php?rest_route=\/wp\/v2\/media\/5192"}],"wp:attachment":[{"href":"https:\/\/skafander.sk\/index.php?rest_route=%2Fwp%2Fv2%2Fmedia&parent=5116"}],"wp:term":[{"taxonomy":"product_brand","embeddable":true,"href":"https:\/\/skafander.sk\/index.php?rest_route=%2Fwp%2Fv2%2Fproduct_brand&post=5116"},{"taxonomy":"product_cat","embeddable":true,"href":"https:\/\/skafander.sk\/index.php?rest_route=%2Fwp%2Fv2%2Fproduct_cat&post=5116"},{"taxonomy":"product_tag","embeddable":true,"href":"https:\/\/skafander.sk\/index.php?rest_route=%2Fwp%2Fv2%2Fproduct_tag&post=5116"}],"curies":[{"name":"wp","href":"https:\/\/api.w.org\/{rel}","templated":true}]}}