{"id":5113,"date":"2024-09-12T13:20:48","date_gmt":"2024-09-12T11:20:48","guid":{"rendered":"https:\/\/skafander.sk\/?post_type=product&#038;p=5113"},"modified":"2024-09-12T13:31:18","modified_gmt":"2024-09-12T11:31:18","slug":"naramok-slnecna-sustava","status":"publish","type":"product","link":"https:\/\/skafander.sk\/?product=naramok-slnecna-sustava","title":{"rendered":"N\u00e1ramok SLNE\u010cN\u00c1 S\u00daSTAVA"},"content":{"rendered":"<p>Dod\u00e1van\u00e9 v zamatovom vrec\u00fa\u0161ku<\/p>\n<p>S\u00fa\u010das\u0165ou balenia je aj n\u00e1hradn\u00e1 nylonov\u00e1 gumi\u010dka a 2ks modr\u00e9ho pieskovca pre pr\u00edpadn\u00fa individu\u00e1lnu \u00fapravu ve\u013ekosti.<\/p>\n<p>Ve\u013ekos\u0165: univerz\u00e1lna<br \/>\nMateri\u00e1l: pr\u00edrodn\u00e9 kamene (polodrahokamy), nylon, povrchovo upraven\u00e9 striebro<br \/>\nPou\u017eit\u00e9 polodrahokamy:<br \/>\nrie\u010dna perla, obsidi\u00e1n, tyrkys, ach\u00e1t, tigrie oko, lapis, op\u00e1l, chalced\u00f3n, modr\u00fd pieskovec<\/p>\n","protected":false},"excerpt":{"rendered":"<p>Bu\u010f Slnkom a na ruke nos svoje plan\u00e9ty!<\/p>\n<p>Kr\u00e1sny dar\u010dek pre nikoho, kto je Va\u0161im stredom vesm\u00edru.<\/p>\n<p>N\u00e1ramok na nylonovej gumi\u010dke predstavuje cel\u00fa Slne\u010dn\u00fa s\u00fastavu.<br \/>\nMerkur &#8211; rie\u010dna perla<br \/>\nVenu\u0161a &#8211; pozl\u00e1ten\u00e9 striebro v \u017eivici<br \/>\nMesiac &#8211; op\u00e1l<br \/>\nZem &#8211; tyrkys<br \/>\nMars &#8211; ach\u00e1t<br \/>\nJupiter &#8211; tigrie oko<br \/>\nSaturn &#8211; rie\u010dna perla a pozl\u00e1ten\u00e9 striebro<br \/>\nUran &#8211; chalced\u00f3n<br \/>\nNeptun &#8211; lapis<br \/>\nHviezdy &#8211; pozl\u00e1ten\u00e9 striebro<br \/>\nZvy\u0161ok vesm\u00edru &#8211; modr\u00fd pieskovec, obsidi\u00e1n a pozl\u00e1ten\u00e9 striebro<\/p>\n","protected":false},"featured_media":5187,"comment_status":"open","ping_status":"closed","template":"","meta":[],"product_brand":[],"product_cat":[67,10],"product_tag":[125,57,120,56,65,66,122,126,123,128,124,127,129],"class_list":{"0":"post-5113","1":"product","2":"type-product","3":"status-publish","4":"has-post-thumbnail","6":"product_cat-doplnky","7":"product_cat-sperky","8":"product_tag-bracelet","9":"product_tag-darcek","10":"product_tag-darceky","11":"product_tag-hviezdy","12":"product_tag-mesiac","13":"product_tag-moon","14":"product_tag-naramok","15":"product_tag-planety","16":"product_tag-slnecna-sustava","17":"product_tag-slnko","18":"product_tag-sperk","19":"product_tag-stred-vesmiru","20":"product_tag-sun","22":"first","23":"instock","24":"sale","25":"shipping-taxable","26":"purchasable","27":"product-type-simple"},"_links":{"self":[{"href":"https:\/\/skafander.sk\/index.php?rest_route=\/wp\/v2\/product\/5113","targetHints":{"allow":["GET"]}}],"collection":[{"href":"https:\/\/skafander.sk\/index.php?rest_route=\/wp\/v2\/product"}],"about":[{"href":"https:\/\/skafander.sk\/index.php?rest_route=\/wp\/v2\/types\/product"}],"replies":[{"embeddable":true,"href":"https:\/\/skafander.sk\/index.php?rest_route=%2Fwp%2Fv2%2Fcomments&post=5113"}],"wp:featuredmedia":[{"embeddable":true,"href":"https:\/\/skafander.sk\/index.php?rest_route=\/wp\/v2\/media\/5187"}],"wp:attachment":[{"href":"https:\/\/skafander.sk\/index.php?rest_route=%2Fwp%2Fv2%2Fmedia&parent=5113"}],"wp:term":[{"taxonomy":"product_brand","embeddable":true,"href":"https:\/\/skafander.sk\/index.php?rest_route=%2Fwp%2Fv2%2Fproduct_brand&post=5113"},{"taxonomy":"product_cat","embeddable":true,"href":"https:\/\/skafander.sk\/index.php?rest_route=%2Fwp%2Fv2%2Fproduct_cat&post=5113"},{"taxonomy":"product_tag","embeddable":true,"href":"https:\/\/skafander.sk\/index.php?rest_route=%2Fwp%2Fv2%2Fproduct_tag&post=5113"}],"curies":[{"name":"wp","href":"https:\/\/api.w.org\/{rel}","templated":true}]}}