{"id":5106,"date":"2024-09-12T13:19:41","date_gmt":"2024-09-12T11:19:41","guid":{"rendered":"https:\/\/skafander.sk\/?post_type=product&#038;p=5106"},"modified":"2024-09-12T13:31:03","modified_gmt":"2024-09-12T11:31:03","slug":"letime-do-vesmiru-metodicka-prirucka-pre-rodicov-a-ucitelov","status":"publish","type":"product","link":"https:\/\/skafander.sk\/?product=letime-do-vesmiru-metodicka-prirucka-pre-rodicov-a-ucitelov","title":{"rendered":"LET\u00cdME DO VESM\u00cdRU \u2013 metodick\u00e1 pr\u00edru\u010dka pre rodi\u010dov a u\u010dite\u013eov"},"content":{"rendered":"<p>Svoj\u00edm obsahom sa metodick\u00e1 pr\u00edru\u010dka opiera o \u0161tandardy, ktor\u00e9 hovoria, \u010do by malo die\u0165a materskej \u0161koly a \u017eiak prv\u00e9ho stup\u0148a z\u00e1kladnej \u0161koly o vesm\u00edre vedie\u0165. Pre rodi\u010dov a u\u010dite\u013eov, ktor\u00ed sa s astronomickou problematikou doposia\u013e nestretli, pon\u00fakame <b>v\u00fdber z\u00e1kladn\u00fdch inform\u00e1ci\u00ed potrebn\u00fdch na z\u00e1kladn\u00fa orient\u00e1ciu v danej problematike.<br \/>\n<\/b><\/p>\n<p>Metodick\u00e1 pr\u00edru\u010dka, so z\u00e1merom zv\u00fd\u0161i\u0165 n\u00e1zornos\u0165 preberanej problematiky, pon\u00faka aj zauj\u00edmav\u00fd bonus \u2013\u00a0<b>mo\u017enosti vyu\u017eitia programu Stellarium\u00a0<\/b>a aj jednoduch\u00fd n\u00e1vod na realiz\u00e1ciu dan\u00e9ho \u00fakazu v tomto programe. Interakt\u00edvny program Stellarium je vo\u013ene stiahnute\u013en\u00fd a je ur\u010den\u00fd na vzdel\u00e1vacie \u00fa\u010dely na v\u0161etk\u00fdch stup\u0148och vzdel\u00e1vania. Ide o interakt\u00edvny po\u010d\u00edta\u010dov\u00fd program, ktor\u00fd n\u00e1m zobraz\u00ed no\u010dn\u00fa oblohu tak, ako ju m\u00f4\u017eeme vidie\u0165 v skuto\u010dnosti. Poskytuje n\u00e1m v\u0161ak aj omnoho viac. V\u010faka nemu sa napr\u00edklad m\u00f4\u017eeme pos\u00fava\u0165 v \u010dase a v priestore, m\u00f4\u017eeme ho akt\u00edvne ovl\u00e1da\u0165 a vyu\u017e\u00edva\u0165 tak mo\u017enosti, ktor\u00e9 n\u00e1m pon\u00faka.<\/p>\n<p><b>BENEFIT PRE RODI\u010cOV, AJ U\u010cITE\u013dOV V MATERSK\u00ddCH A Z\u00c1KLADN\u00ddCH \u0160KOL\u00c1CH<\/b><\/p>\n<p>Navr\u00e1tenie t\u00e9my\u00a0<i>Z\u00e1kladn\u00e9 astronomick\u00e9 pojmy a javy\u00a0<\/i>v pred\u0161kolskej pr\u00edprave do vzdel\u00e1vacej oblasti\u00a0<b>\u010clovek a pr\u00edroda<\/b> je pozit\u00edvnym krokom, ch\u00fdbal v\u0161ak komplexn\u00fd materi\u00e1l, ktor\u00fd by problematiku o vesm\u00edre a z\u00e1kladn\u00fdch vesm\u00edrnych javoch akt\u00edvnym sp\u00f4sobom vysvet\u013eoval. Utv\u00e1ranie astronomick\u00fdch poznatkov u\u017e v pred\u0161kolskom veku je predpokladom utvorenia z\u00e1kladnej astronomickej gramotnosti na\u0161ej ml\u00e1de\u017ee. Ke\u010f\u017ee nie v\u0161etky deti v pred\u0161kolskom veku sa mali mo\u017enos\u0165 dosta\u0165 k t\u00e9mam z astron\u00f3mie, je mo\u017en\u00e9 tieto pracovn\u00e9 listy zaradi\u0165 aj pre deti 1. a\u017e 3. ro\u010dn\u00edka z\u00e1kladnej \u0161koly.<\/p>\n<p>Form\u00e1t: A4<br \/>\nPo\u010det str\u00e1n: 74<br \/>\nM\u00e4kk\u00e1 v\u00e4zba<\/p>\n","protected":false},"excerpt":{"rendered":"<p>Metodick\u00e1 pr\u00edru\u010dka obsahuje vzdel\u00e1vacie ciele, pom\u00f4cky, odporu\u010den\u00fd postup jednotliv\u00fdch vzdel\u00e1vac\u00edch aktiv\u00edt, aj rie\u0161enia \u00faloh zadan\u00fdch v pracovnom zo\u0161ite pre deti &#8211;\u00a0<a href=\"http:\/\/skafander.sk\/index.php\/produkt\/letime-do-vesmiru-pracovny-zosit\/\"><b>Let\u00edme do vesm\u00edru<\/b><\/a>. Tie\u017e obsahuje preh\u013abenie vedomost\u00ed o preberanej t\u00e9me pre rodi\u010dov a u\u010dite\u013eov a inform\u00e1cie o mo\u017enostiach s vo\u013ene pr\u00edstupn\u00fdm po\u010d\u00edta\u010dov\u00fdm programom <strong>Stellarium<\/strong>, pomocou ktor\u00e9ho m\u00f4\u017eu deti vesm\u00edrne javy a teles\u00e1 aj priamo pozorova\u0165.<\/p>\n","protected":false},"featured_media":5186,"comment_status":"open","ping_status":"closed","template":"","meta":[],"product_brand":[],"product_cat":[7,114],"product_tag":[96,57,116,15,59,56,89,88,117,13,108,115,106,119],"class_list":{"0":"post-5106","1":"product","2":"type-product","3":"status-publish","4":"has-post-thumbnail","6":"product_cat-toys","7":"product_cat-vzdelavanie","8":"product_tag-astronaut","9":"product_tag-darcek","10":"product_tag-deti","11":"product_tag-doplnky","12":"product_tag-hracky","13":"product_tag-hviezdy","14":"product_tag-i-need-more-space","15":"product_tag-kozmonaut","16":"product_tag-pre-deti","17":"product_tag-sosa","18":"product_tag-space","19":"product_tag-ucebnica","20":"product_tag-vesmir","21":"product_tag-vzdelavanie","23":"first","24":"instock","25":"shipping-taxable","26":"purchasable","27":"product-type-simple"},"_links":{"self":[{"href":"https:\/\/skafander.sk\/index.php?rest_route=\/wp\/v2\/product\/5106","targetHints":{"allow":["GET"]}}],"collection":[{"href":"https:\/\/skafander.sk\/index.php?rest_route=\/wp\/v2\/product"}],"about":[{"href":"https:\/\/skafander.sk\/index.php?rest_route=\/wp\/v2\/types\/product"}],"replies":[{"embeddable":true,"href":"https:\/\/skafander.sk\/index.php?rest_route=%2Fwp%2Fv2%2Fcomments&post=5106"}],"wp:featuredmedia":[{"embeddable":true,"href":"https:\/\/skafander.sk\/index.php?rest_route=\/wp\/v2\/media\/5186"}],"wp:attachment":[{"href":"https:\/\/skafander.sk\/index.php?rest_route=%2Fwp%2Fv2%2Fmedia&parent=5106"}],"wp:term":[{"taxonomy":"product_brand","embeddable":true,"href":"https:\/\/skafander.sk\/index.php?rest_route=%2Fwp%2Fv2%2Fproduct_brand&post=5106"},{"taxonomy":"product_cat","embeddable":true,"href":"https:\/\/skafander.sk\/index.php?rest_route=%2Fwp%2Fv2%2Fproduct_cat&post=5106"},{"taxonomy":"product_tag","embeddable":true,"href":"https:\/\/skafander.sk\/index.php?rest_route=%2Fwp%2Fv2%2Fproduct_tag&post=5106"}],"curies":[{"name":"wp","href":"https:\/\/api.w.org\/{rel}","templated":true}]}}