{"id":5099,"date":"2024-09-12T13:19:40","date_gmt":"2024-09-12T11:19:40","guid":{"rendered":"https:\/\/skafander.sk\/?post_type=product&#038;p=5099"},"modified":"2026-03-19T11:45:10","modified_gmt":"2026-03-19T10:45:10","slug":"nahrdelnik-kozmonaut","status":"publish","type":"product","link":"https:\/\/skafander.sk\/?product=nahrdelnik-kozmonaut","title":{"rendered":"N\u00e1hrdeln\u00edk KOZMONAUT"},"content":{"rendered":"<p>Materi\u00e1l: bi\u017eut\u00e9rny kov<\/p>\n<p>Farba: zlat\u00e1<\/p>\n<p>D\u013a\u017eka retiazky: 45cm + 5cm<\/p>\n<p>Rozmer pr\u00edvesku: 2,7 x 3,7cm<\/p>\n<p>Farebn\u00fd vzh\u013ead produktu sa od fotografi\u00ed m\u00f4\u017ee mierne l\u00ed\u0161i\u0165.<\/p>\n","protected":false},"excerpt":{"rendered":"<p>Tento mil\u00fd n\u00e1hrdeln\u00edk s astronautom V\u00e1s aspo\u0148 symbolicky odp\u00fata od zemskej pr\u00ed\u0165a\u017elivosti a prenesie ku hviezdam. Uk\u00e1\u017ete v\u0161etk\u00fdm okolo, \u017ee m\u00e1te hlavu v oblakoch! Ve\u010f to je v dne\u0161nej upon\u00e1h\u013eanej dobe naozaj vz\u00e1cny dar.<\/p>\n","protected":false},"featured_media":5168,"comment_status":"open","ping_status":"closed","template":"","meta":[],"product_brand":[],"product_cat":[10],"product_tag":[96,57,70,15,56,89,88,74,58],"class_list":{"0":"post-5099","1":"product","2":"type-product","3":"status-publish","4":"has-post-thumbnail","6":"product_cat-sperky","7":"product_tag-astronaut","8":"product_tag-darcek","9":"product_tag-dekoracia","10":"product_tag-doplnky","11":"product_tag-hviezdy","12":"product_tag-i-need-more-space","13":"product_tag-kozmonaut","14":"product_tag-per-aspera-ad-astra","15":"product_tag-sperky","17":"first","18":"instock","19":"shipping-taxable","20":"purchasable","21":"product-type-simple"},"_links":{"self":[{"href":"https:\/\/skafander.sk\/index.php?rest_route=\/wp\/v2\/product\/5099","targetHints":{"allow":["GET"]}}],"collection":[{"href":"https:\/\/skafander.sk\/index.php?rest_route=\/wp\/v2\/product"}],"about":[{"href":"https:\/\/skafander.sk\/index.php?rest_route=\/wp\/v2\/types\/product"}],"replies":[{"embeddable":true,"href":"https:\/\/skafander.sk\/index.php?rest_route=%2Fwp%2Fv2%2Fcomments&post=5099"}],"wp:featuredmedia":[{"embeddable":true,"href":"https:\/\/skafander.sk\/index.php?rest_route=\/wp\/v2\/media\/5168"}],"wp:attachment":[{"href":"https:\/\/skafander.sk\/index.php?rest_route=%2Fwp%2Fv2%2Fmedia&parent=5099"}],"wp:term":[{"taxonomy":"product_brand","embeddable":true,"href":"https:\/\/skafander.sk\/index.php?rest_route=%2Fwp%2Fv2%2Fproduct_brand&post=5099"},{"taxonomy":"product_cat","embeddable":true,"href":"https:\/\/skafander.sk\/index.php?rest_route=%2Fwp%2Fv2%2Fproduct_cat&post=5099"},{"taxonomy":"product_tag","embeddable":true,"href":"https:\/\/skafander.sk\/index.php?rest_route=%2Fwp%2Fv2%2Fproduct_tag&post=5099"}],"curies":[{"name":"wp","href":"https:\/\/api.w.org\/{rel}","templated":true}]}}