{"id":5085,"date":"2024-09-12T13:19:04","date_gmt":"2024-09-12T11:19:04","guid":{"rendered":"https:\/\/skafander.sk\/?post_type=product&#038;p=5085"},"modified":"2024-09-12T13:28:52","modified_gmt":"2024-09-12T11:28:52","slug":"zatahovaci-rucne-malovany-plateny-batoh-i-need-more-space","status":"publish","type":"product","link":"https:\/\/skafander.sk\/?product=zatahovaci-rucne-malovany-plateny-batoh-i-need-more-space","title":{"rendered":"Za\u0165ahovac\u00ed ru\u010dne ma\u013eovan\u00fd pl\u00e1ten\u00fd batoh I NEED MORE SPACE"},"content":{"rendered":"<p>Ru\u010dne ma\u013eovan\u00fd pl\u00e1ten\u00fd batoh s n\u00e1pisom I NEED MORE SPACE \u2013 ka\u017ed\u00fd kus m\u00f4\u017ee by\u0165 mierne odli\u0161n\u00fd<\/p>\n<p>Materi\u00e1l: 100% bavlna<\/p>\n<p>K\u00fapou podpor\u00edte\u00a0<a href=\"http:\/\/sosa.sk\/\">Slovensk\u00fa organiz\u00e1ciu pre vesm\u00edrne aktivity<\/a><\/p>\n","protected":false},"excerpt":{"rendered":"<p>Ka\u017ed\u00fd kus je samostatne ru\u010dne ma\u013eovan\u00fd a teda origin\u00e1l!<\/p>\n<p>Vyjadrite, \u017ee potrebujete vo svojom \u017eivote viac miesta, viac vesm\u00edru, viac originality!<\/p>\n","protected":false},"featured_media":5154,"comment_status":"open","ping_status":"closed","template":"","meta":[],"product_brand":[],"product_cat":[113],"product_tag":[93,90,94,57,70,15,56,89,86,76,9,13,54],"class_list":{"0":"post-5085","1":"product","2":"type-product","3":"status-publish","4":"has-post-thumbnail","6":"product_cat-bags","7":"product_tag-backpack","8":"product_tag-bag","9":"product_tag-batoh","10":"product_tag-darcek","11":"product_tag-dekoracia","12":"product_tag-doplnky","13":"product_tag-hviezdy","14":"product_tag-i-need-more-space","15":"product_tag-logo","16":"product_tag-napis","17":"product_tag-skcube","18":"product_tag-sosa","19":"product_tag-stars","21":"first","22":"instock","23":"shipping-taxable","24":"purchasable","25":"product-type-simple"},"_links":{"self":[{"href":"https:\/\/skafander.sk\/index.php?rest_route=\/wp\/v2\/product\/5085","targetHints":{"allow":["GET"]}}],"collection":[{"href":"https:\/\/skafander.sk\/index.php?rest_route=\/wp\/v2\/product"}],"about":[{"href":"https:\/\/skafander.sk\/index.php?rest_route=\/wp\/v2\/types\/product"}],"replies":[{"embeddable":true,"href":"https:\/\/skafander.sk\/index.php?rest_route=%2Fwp%2Fv2%2Fcomments&post=5085"}],"wp:featuredmedia":[{"embeddable":true,"href":"https:\/\/skafander.sk\/index.php?rest_route=\/wp\/v2\/media\/5154"}],"wp:attachment":[{"href":"https:\/\/skafander.sk\/index.php?rest_route=%2Fwp%2Fv2%2Fmedia&parent=5085"}],"wp:term":[{"taxonomy":"product_brand","embeddable":true,"href":"https:\/\/skafander.sk\/index.php?rest_route=%2Fwp%2Fv2%2Fproduct_brand&post=5085"},{"taxonomy":"product_cat","embeddable":true,"href":"https:\/\/skafander.sk\/index.php?rest_route=%2Fwp%2Fv2%2Fproduct_cat&post=5085"},{"taxonomy":"product_tag","embeddable":true,"href":"https:\/\/skafander.sk\/index.php?rest_route=%2Fwp%2Fv2%2Fproduct_tag&post=5085"}],"curies":[{"name":"wp","href":"https:\/\/api.w.org\/{rel}","templated":true}]}}