{"id":5051,"date":"2024-09-12T13:16:55","date_gmt":"2024-09-12T11:16:55","guid":{"rendered":"https:\/\/skafander.sk\/?post_type=product&#038;p=5051"},"modified":"2024-09-12T13:25:28","modified_gmt":"2024-09-12T11:25:28","slug":"rucne-malovana-platena-taska-vesmir-v-mojich-rukach","status":"publish","type":"product","link":"https:\/\/skafander.sk\/?product=rucne-malovana-platena-taska-vesmir-v-mojich-rukach","title":{"rendered":"Ru\u010dne ma\u013eovan\u00e1 pl\u00e1ten\u00e1 ta\u0161ka VESM\u00cdR V MOJICH RUK\u00c1CH"},"content":{"rendered":"<p>Ru\u010dne ma\u013eovan\u00e1 pl\u00e1ten\u00e1 ta\u0161ka &#8211; ka\u017ed\u00fd kus m\u00f4\u017ee by\u0165 odli\u0161n\u00fd<\/p>\n<p>Materi\u00e1l: 100% bavlna<\/p>\n<p>K\u00fapou produktu podpor\u00edte <a href=\"http:\/\/sosa.sk\">Slovensk\u00fa organiz\u00e1ciu pre vesm\u00edrne aktivity<\/a><\/p>\n","protected":false},"excerpt":{"rendered":"<p>Kto to tu riadi?<\/p>\n<p>Odpove\u010f nevieme, av\u0161ak aj t\u00e1to ot\u00e1zka n\u00e1s priviedla k tomuto prekr\u00e1snemu mot\u00edvu!<\/p>\n","protected":false},"featured_media":5140,"comment_status":"open","ping_status":"closed","template":"","meta":[],"product_brand":[],"product_cat":[113],"product_tag":[90,57,70,15,56,89,88,86,76,91,9,13,54,87],"class_list":{"0":"post-5051","1":"product","2":"type-product","3":"status-publish","4":"has-post-thumbnail","6":"product_cat-bags","7":"product_tag-bag","8":"product_tag-darcek","9":"product_tag-dekoracia","10":"product_tag-doplnky","11":"product_tag-hviezdy","12":"product_tag-i-need-more-space","13":"product_tag-kozmonaut","14":"product_tag-logo","15":"product_tag-napis","16":"product_tag-planet","17":"product_tag-skcube","18":"product_tag-sosa","19":"product_tag-stars","20":"product_tag-taska","22":"first","23":"instock","24":"shipping-taxable","25":"purchasable","26":"product-type-simple"},"_links":{"self":[{"href":"https:\/\/skafander.sk\/index.php?rest_route=\/wp\/v2\/product\/5051","targetHints":{"allow":["GET"]}}],"collection":[{"href":"https:\/\/skafander.sk\/index.php?rest_route=\/wp\/v2\/product"}],"about":[{"href":"https:\/\/skafander.sk\/index.php?rest_route=\/wp\/v2\/types\/product"}],"replies":[{"embeddable":true,"href":"https:\/\/skafander.sk\/index.php?rest_route=%2Fwp%2Fv2%2Fcomments&post=5051"}],"wp:featuredmedia":[{"embeddable":true,"href":"https:\/\/skafander.sk\/index.php?rest_route=\/wp\/v2\/media\/5140"}],"wp:attachment":[{"href":"https:\/\/skafander.sk\/index.php?rest_route=%2Fwp%2Fv2%2Fmedia&parent=5051"}],"wp:term":[{"taxonomy":"product_brand","embeddable":true,"href":"https:\/\/skafander.sk\/index.php?rest_route=%2Fwp%2Fv2%2Fproduct_brand&post=5051"},{"taxonomy":"product_cat","embeddable":true,"href":"https:\/\/skafander.sk\/index.php?rest_route=%2Fwp%2Fv2%2Fproduct_cat&post=5051"},{"taxonomy":"product_tag","embeddable":true,"href":"https:\/\/skafander.sk\/index.php?rest_route=%2Fwp%2Fv2%2Fproduct_tag&post=5051"}],"curies":[{"name":"wp","href":"https:\/\/api.w.org\/{rel}","templated":true}]}}