{"id":5049,"date":"2024-09-12T13:16:55","date_gmt":"2024-09-12T11:16:55","guid":{"rendered":"https:\/\/skafander.sk\/?post_type=product&#038;p=5049"},"modified":"2024-09-12T13:23:13","modified_gmt":"2024-09-12T11:23:13","slug":"rucne-malovana-biela-platena-taska-s-modrym-napisom-i-need-more-space","status":"publish","type":"product","link":"https:\/\/skafander.sk\/?product=rucne-malovana-biela-platena-taska-s-modrym-napisom-i-need-more-space","title":{"rendered":"Ru\u010dne ma\u013eovan\u00e1 biela pl\u00e1ten\u00e1 ta\u0161ka s modr\u00fdm n\u00e1pisom I NEED MORE SPACE"},"content":{"rendered":"<p>Ru\u010dne ma\u013eovan\u00e1 pl\u00e1ten\u00e1 ta\u0161ka s n\u00e1pisom I NEED MORE SPACE &#8211; ka\u017ed\u00fd kus m\u00f4\u017ee by\u0165 mierne odli\u0161n\u00fd<\/p>\n<p>Materi\u00e1l: 100% bavlna<\/p>\n<p>K\u00fapou podpor\u00edte <a href=\"http:\/\/sosa.sk\">Slovensk\u00fa organiz\u00e1ciu pre vesm\u00edrne aktivity\u00a0<\/a><\/p>\n","protected":false},"excerpt":{"rendered":"<p>Ka\u017ed\u00fd kus je samostatne ru\u010dne ma\u013eovan\u00fd a teda origin\u00e1l!<br \/>\nVyjadrite, \u017ee potrebujete vo svojom \u017eivote viac miesta, viac vesm\u00edru, viac originality!<\/p>\n","protected":false},"featured_media":5132,"comment_status":"open","ping_status":"closed","template":"","meta":[],"product_brand":[],"product_cat":[113],"product_tag":[57,70,15,56,89,86,76,9,13,54,87],"class_list":{"0":"post-5049","1":"product","2":"type-product","3":"status-publish","4":"has-post-thumbnail","6":"product_cat-bags","7":"product_tag-darcek","8":"product_tag-dekoracia","9":"product_tag-doplnky","10":"product_tag-hviezdy","11":"product_tag-i-need-more-space","12":"product_tag-logo","13":"product_tag-napis","14":"product_tag-skcube","15":"product_tag-sosa","16":"product_tag-stars","17":"product_tag-taska","19":"first","20":"instock","21":"shipping-taxable","22":"purchasable","23":"product-type-simple"},"_links":{"self":[{"href":"https:\/\/skafander.sk\/index.php?rest_route=\/wp\/v2\/product\/5049","targetHints":{"allow":["GET"]}}],"collection":[{"href":"https:\/\/skafander.sk\/index.php?rest_route=\/wp\/v2\/product"}],"about":[{"href":"https:\/\/skafander.sk\/index.php?rest_route=\/wp\/v2\/types\/product"}],"replies":[{"embeddable":true,"href":"https:\/\/skafander.sk\/index.php?rest_route=%2Fwp%2Fv2%2Fcomments&post=5049"}],"wp:featuredmedia":[{"embeddable":true,"href":"https:\/\/skafander.sk\/index.php?rest_route=\/wp\/v2\/media\/5132"}],"wp:attachment":[{"href":"https:\/\/skafander.sk\/index.php?rest_route=%2Fwp%2Fv2%2Fmedia&parent=5049"}],"wp:term":[{"taxonomy":"product_brand","embeddable":true,"href":"https:\/\/skafander.sk\/index.php?rest_route=%2Fwp%2Fv2%2Fproduct_brand&post=5049"},{"taxonomy":"product_cat","embeddable":true,"href":"https:\/\/skafander.sk\/index.php?rest_route=%2Fwp%2Fv2%2Fproduct_cat&post=5049"},{"taxonomy":"product_tag","embeddable":true,"href":"https:\/\/skafander.sk\/index.php?rest_route=%2Fwp%2Fv2%2Fproduct_tag&post=5049"}],"curies":[{"name":"wp","href":"https:\/\/api.w.org\/{rel}","templated":true}]}}