{"id":5036,"date":"2024-09-12T13:16:52","date_gmt":"2024-09-12T11:16:52","guid":{"rendered":"https:\/\/skafander.sk\/?post_type=product&#038;p=5036"},"modified":"2026-03-19T11:45:10","modified_gmt":"2026-03-19T10:45:10","slug":"autorsky-plagat-skcube-limitovana-edicia","status":"publish","type":"product","link":"https:\/\/skafander.sk\/?product=autorsky-plagat-skcube-limitovana-edicia","title":{"rendered":"Autorsk\u00fd plag\u00e1t skCUBE &#8211; LIMITOVAN\u00c1 ED\u00cdCIA"},"content":{"rendered":"<p>Limitovan\u00fd po\u010det &#8211; 100 kusov<\/p>\n<p>Form\u00e1t A3, papier 250g coateg gloss<\/p>\n<p>Origin\u00e1l je bez zna\u010diek skafander.sk<\/p>\n","protected":false},"excerpt":{"rendered":"<p>K prv\u00e9mu v\u00fdro\u010diu dru\u017eice skCUBE na orbite nakreslila rusk\u00e1 umelky\u0148a Anastasia Prosochkina tento n\u00e1dhern\u00fd obraz.<br \/>\nVytla\u010den\u00fdch bolo len 100kusov a \u010das\u0165 z nich je pre v\u00e1s k dispoz\u00edci\u00ed iba na skafander.sk!<\/p>\n<p>Ka\u017ed\u00fd kus je na zadnej strane ru\u010dne pop\u00edsan\u00fd jeho \u010d\u00edslom v porad\u00ed.<\/p>\n","protected":false},"featured_media":5098,"comment_status":"open","ping_status":"closed","template":"","meta":[],"product_brand":[],"product_cat":[67,8],"product_tag":[57,70,15,85,76,83,84,9,13],"class_list":{"0":"post-5036","1":"product","2":"type-product","3":"status-publish","4":"has-post-thumbnail","6":"product_cat-doplnky","7":"product_cat-skcube","8":"product_tag-darcek","9":"product_tag-dekoracia","10":"product_tag-doplnky","11":"product_tag-limited-edition","12":"product_tag-napis","13":"product_tag-plagat","14":"product_tag-poster","15":"product_tag-skcube","16":"product_tag-sosa","18":"first","19":"instock","20":"shipping-taxable","21":"purchasable","22":"product-type-simple"},"_links":{"self":[{"href":"https:\/\/skafander.sk\/index.php?rest_route=\/wp\/v2\/product\/5036","targetHints":{"allow":["GET"]}}],"collection":[{"href":"https:\/\/skafander.sk\/index.php?rest_route=\/wp\/v2\/product"}],"about":[{"href":"https:\/\/skafander.sk\/index.php?rest_route=\/wp\/v2\/types\/product"}],"replies":[{"embeddable":true,"href":"https:\/\/skafander.sk\/index.php?rest_route=%2Fwp%2Fv2%2Fcomments&post=5036"}],"wp:featuredmedia":[{"embeddable":true,"href":"https:\/\/skafander.sk\/index.php?rest_route=\/wp\/v2\/media\/5098"}],"wp:attachment":[{"href":"https:\/\/skafander.sk\/index.php?rest_route=%2Fwp%2Fv2%2Fmedia&parent=5036"}],"wp:term":[{"taxonomy":"product_brand","embeddable":true,"href":"https:\/\/skafander.sk\/index.php?rest_route=%2Fwp%2Fv2%2Fproduct_brand&post=5036"},{"taxonomy":"product_cat","embeddable":true,"href":"https:\/\/skafander.sk\/index.php?rest_route=%2Fwp%2Fv2%2Fproduct_cat&post=5036"},{"taxonomy":"product_tag","embeddable":true,"href":"https:\/\/skafander.sk\/index.php?rest_route=%2Fwp%2Fv2%2Fproduct_tag&post=5036"}],"curies":[{"name":"wp","href":"https:\/\/api.w.org\/{rel}","templated":true}]}}