{"id":5032,"date":"2024-09-12T13:16:52","date_gmt":"2024-09-12T11:16:52","guid":{"rendered":"https:\/\/skafander.sk\/?post_type=product&#038;p=5032"},"modified":"2026-03-19T11:45:28","modified_gmt":"2026-03-19T10:45:28","slug":"tricko-s-logom-sosa","status":"publish","type":"product","link":"https:\/\/skafander.sk\/?product=tricko-s-logom-sosa","title":{"rendered":"Tri\u010dko s logom SOSA"},"content":{"rendered":"<p>\u010cierne tri\u010dko rovn\u00e9ho strihu, okr\u00fahly golier<\/p>\n<p>Materi\u00e1l: 100% bavlna<\/p>\n<p>Ve\u013ekosti:<br \/>\nS &#8211; \u0161\u00edrka 51 cm, d\u013a\u017eka 72 cm<br \/>\nM &#8211; \u0161\u00edrka 53 cm, d\u013a\u017eka 73 cm<br \/>\nL \u2013 \u0161\u00edrka 55 cm, d\u013a\u017eka 74 cm<br \/>\nXL \u2013 \u0161\u00edrka 57 cm, d\u013a\u017eka 76 cm<br \/>\nXXL \u2013 \u0161\u00edrka 60 cm, d\u013a\u017eka 78 cm<\/p>\n","protected":false},"excerpt":{"rendered":"<p>\u010cierne bavlnen\u00e9 tri\u010dko s logom Slovenskej organiz\u00e1cie pre vesm\u00edrne aktivity v anglickej verzii.<\/p>\n<p><em>K\u00fapou tohto tri\u010dka podpor\u00edte ob\u010dianske zdru\u017eenie Slovensk\u00e1 organiz\u00e1cia pre vesm\u00edrne aktivity<\/em><\/p>\n","protected":false},"featured_media":5110,"comment_status":"open","ping_status":"closed","template":"","meta":[],"product_brand":[],"product_cat":[6,166,165,8],"product_tag":[57,15,86,76,9,13,80,12],"class_list":{"0":"post-5032","1":"product","2":"type-product","3":"status-publish","4":"has-post-thumbnail","6":"product_cat-oblecenie","7":"product_cat-tricka-damske-oblecenie","8":"product_cat-tricka","9":"product_cat-skcube","10":"product_tag-darcek","11":"product_tag-doplnky","12":"product_tag-logo","13":"product_tag-napis","14":"product_tag-skcube","15":"product_tag-sosa","16":"product_tag-t-shirt","17":"product_tag-tricko","19":"first","20":"instock","21":"shipping-taxable","22":"purchasable","23":"product-type-variable"},"_links":{"self":[{"href":"https:\/\/skafander.sk\/index.php?rest_route=\/wp\/v2\/product\/5032","targetHints":{"allow":["GET"]}}],"collection":[{"href":"https:\/\/skafander.sk\/index.php?rest_route=\/wp\/v2\/product"}],"about":[{"href":"https:\/\/skafander.sk\/index.php?rest_route=\/wp\/v2\/types\/product"}],"replies":[{"embeddable":true,"href":"https:\/\/skafander.sk\/index.php?rest_route=%2Fwp%2Fv2%2Fcomments&post=5032"}],"wp:featuredmedia":[{"embeddable":true,"href":"https:\/\/skafander.sk\/index.php?rest_route=\/wp\/v2\/media\/5110"}],"wp:attachment":[{"href":"https:\/\/skafander.sk\/index.php?rest_route=%2Fwp%2Fv2%2Fmedia&parent=5032"}],"wp:term":[{"taxonomy":"product_brand","embeddable":true,"href":"https:\/\/skafander.sk\/index.php?rest_route=%2Fwp%2Fv2%2Fproduct_brand&post=5032"},{"taxonomy":"product_cat","embeddable":true,"href":"https:\/\/skafander.sk\/index.php?rest_route=%2Fwp%2Fv2%2Fproduct_cat&post=5032"},{"taxonomy":"product_tag","embeddable":true,"href":"https:\/\/skafander.sk\/index.php?rest_route=%2Fwp%2Fv2%2Fproduct_tag&post=5032"}],"curies":[{"name":"wp","href":"https:\/\/api.w.org\/{rel}","templated":true}]}}