{"id":5031,"date":"2024-09-12T13:16:52","date_gmt":"2024-09-12T11:16:52","guid":{"rendered":"https:\/\/skafander.sk\/?post_type=product&#038;p=5031"},"modified":"2024-09-12T13:34:08","modified_gmt":"2024-09-12T11:34:08","slug":"tricko-spacex-falcon-heavy-sede","status":"publish","type":"product","link":"https:\/\/skafander.sk\/?product=tricko-spacex-falcon-heavy-sede","title":{"rendered":"Tri\u010dko SpaceX FALCON HEAVY \u0161ed\u00e9"},"content":{"rendered":"<p>Materi\u00e1l: 100% bavlna<\/p>\n<p>okr\u00fahly v\u00fdstrih s rebrov\u00fdm lemovan\u00edm bavlna \/ Lycra,<\/p>\n<p>dvojit\u00e9 pre\u0161itie na spodnom leme, ruk\u00e1voch a krku,\u00a0bez bo\u010dn\u00fdch \u0161vov<\/p>\n<p>Ve\u013ekosti:<br \/>\nS \u2013 \u0161\u00edrka 51 cm, d\u013a\u017eka 72 cm<br \/>\nM \u2013 \u0161\u00edrka 53 cm, d\u013a\u017eka 73 cm<br \/>\nL \u2013 \u0161\u00edrka 55 cm, d\u013a\u017eka 74 cm<br \/>\nXL \u2013 \u0161\u00edrka 57 cm, d\u013a\u017eka 76 cm<br \/>\nXXL \u2013 \u0161\u00edrka 60 cm, d\u013a\u017eka 78 cm<\/p>\n","protected":false},"excerpt":{"rendered":"<p>Siv\u00e9 tri\u010dko Falcon Heavy od SPACE X klasick\u00e9ho rovn\u00e9ho strihu aj so Spacemanom v jeho kr\u00e1snej \u010dervenej Tesle!<\/p>\n","protected":false},"featured_media":5294,"comment_status":"open","ping_status":"closed","template":"","meta":[],"product_brand":[],"product_cat":[6,161,165],"product_tag":[96,57,120,15,105,78,79,56,89,88,85,86,76,91,104,103,108,110,54,80,81,12,143,106],"class_list":{"0":"post-5031","1":"product","2":"type-product","3":"status-publish","4":"has-post-thumbnail","6":"product_cat-oblecenie","7":"product_cat-panske-oblecenie","8":"product_cat-tricka","9":"product_tag-astronaut","10":"product_tag-darcek","11":"product_tag-darceky","12":"product_tag-doplnky","13":"product_tag-doplnok","14":"product_tag-falcon","15":"product_tag-falcon-heavy","16":"product_tag-hviezdy","17":"product_tag-i-need-more-space","18":"product_tag-kozmonaut","19":"product_tag-limited-edition","20":"product_tag-logo","21":"product_tag-napis","22":"product_tag-planet","23":"product_tag-raketa","24":"product_tag-rocket","25":"product_tag-space","26":"product_tag-spaceman","27":"product_tag-stars","28":"product_tag-t-shirt","29":"product_tag-tesla","30":"product_tag-tricko","31":"product_tag-tshirt","32":"product_tag-vesmir","34":"first","35":"instock","36":"shipping-taxable","37":"purchasable","38":"product-type-variable"},"_links":{"self":[{"href":"https:\/\/skafander.sk\/index.php?rest_route=\/wp\/v2\/product\/5031","targetHints":{"allow":["GET"]}}],"collection":[{"href":"https:\/\/skafander.sk\/index.php?rest_route=\/wp\/v2\/product"}],"about":[{"href":"https:\/\/skafander.sk\/index.php?rest_route=\/wp\/v2\/types\/product"}],"replies":[{"embeddable":true,"href":"https:\/\/skafander.sk\/index.php?rest_route=%2Fwp%2Fv2%2Fcomments&post=5031"}],"wp:featuredmedia":[{"embeddable":true,"href":"https:\/\/skafander.sk\/index.php?rest_route=\/wp\/v2\/media\/5294"}],"wp:attachment":[{"href":"https:\/\/skafander.sk\/index.php?rest_route=%2Fwp%2Fv2%2Fmedia&parent=5031"}],"wp:term":[{"taxonomy":"product_brand","embeddable":true,"href":"https:\/\/skafander.sk\/index.php?rest_route=%2Fwp%2Fv2%2Fproduct_brand&post=5031"},{"taxonomy":"product_cat","embeddable":true,"href":"https:\/\/skafander.sk\/index.php?rest_route=%2Fwp%2Fv2%2Fproduct_cat&post=5031"},{"taxonomy":"product_tag","embeddable":true,"href":"https:\/\/skafander.sk\/index.php?rest_route=%2Fwp%2Fv2%2Fproduct_tag&post=5031"}],"curies":[{"name":"wp","href":"https:\/\/api.w.org\/{rel}","templated":true}]}}