{"id":5029,"date":"2024-09-12T13:16:52","date_gmt":"2024-09-12T11:16:52","guid":{"rendered":"https:\/\/skafander.sk\/?post_type=product&#038;p=5029"},"modified":"2026-03-19T11:45:28","modified_gmt":"2026-03-19T10:45:28","slug":"tricko-apollo-soyuz","status":"publish","type":"product","link":"https:\/\/skafander.sk\/?product=tricko-apollo-soyuz","title":{"rendered":"Tri\u010dko APOLLO SOYUZ"},"content":{"rendered":"<p>Materi\u00e1l: 100% bavlna<\/p>\n","protected":false},"excerpt":{"rendered":"<p>\u010cierne bavlnen\u00e9 tri\u010dko klasick\u00e9ho rovn\u00e9ho strihu s logom misie Apollo Soyuz<\/p>\n","protected":false},"featured_media":5222,"comment_status":"open","ping_status":"closed","template":"","meta":[],"product_brand":[],"product_cat":[6,161,165],"product_tag":[147,146,57,120,15,56,89,103,148,54,80,12,106],"class_list":{"0":"post-5029","1":"product","2":"type-product","3":"status-publish","4":"has-post-thumbnail","6":"product_cat-oblecenie","7":"product_cat-panske-oblecenie","8":"product_cat-tricka","9":"product_tag-apollo","10":"product_tag-apollo-soyuz","11":"product_tag-darcek","12":"product_tag-darceky","13":"product_tag-doplnky","14":"product_tag-hviezdy","15":"product_tag-i-need-more-space","16":"product_tag-rocket","17":"product_tag-soyuz","18":"product_tag-stars","19":"product_tag-t-shirt","20":"product_tag-tricko","21":"product_tag-vesmir","23":"first","24":"instock","25":"shipping-taxable","26":"purchasable","27":"product-type-variable"},"_links":{"self":[{"href":"https:\/\/skafander.sk\/index.php?rest_route=\/wp\/v2\/product\/5029","targetHints":{"allow":["GET"]}}],"collection":[{"href":"https:\/\/skafander.sk\/index.php?rest_route=\/wp\/v2\/product"}],"about":[{"href":"https:\/\/skafander.sk\/index.php?rest_route=\/wp\/v2\/types\/product"}],"replies":[{"embeddable":true,"href":"https:\/\/skafander.sk\/index.php?rest_route=%2Fwp%2Fv2%2Fcomments&post=5029"}],"wp:featuredmedia":[{"embeddable":true,"href":"https:\/\/skafander.sk\/index.php?rest_route=\/wp\/v2\/media\/5222"}],"wp:attachment":[{"href":"https:\/\/skafander.sk\/index.php?rest_route=%2Fwp%2Fv2%2Fmedia&parent=5029"}],"wp:term":[{"taxonomy":"product_brand","embeddable":true,"href":"https:\/\/skafander.sk\/index.php?rest_route=%2Fwp%2Fv2%2Fproduct_brand&post=5029"},{"taxonomy":"product_cat","embeddable":true,"href":"https:\/\/skafander.sk\/index.php?rest_route=%2Fwp%2Fv2%2Fproduct_cat&post=5029"},{"taxonomy":"product_tag","embeddable":true,"href":"https:\/\/skafander.sk\/index.php?rest_route=%2Fwp%2Fv2%2Fproduct_tag&post=5029"}],"curies":[{"name":"wp","href":"https:\/\/api.w.org\/{rel}","templated":true}]}}