{"id":5019,"date":"2024-09-12T13:16:50","date_gmt":"2024-09-12T11:16:50","guid":{"rendered":"https:\/\/skafander.sk\/?post_type=product&#038;p=5019"},"modified":"2024-11-23T15:11:14","modified_gmt":"2024-11-23T14:11:14","slug":"klucenka-a-otvarac-na-flase-2v1-millennium-falcon","status":"publish","type":"product","link":"https:\/\/skafander.sk\/?product=klucenka-a-otvarac-na-flase-2v1-millennium-falcon","title":{"rendered":"K\u013e\u00fa\u010denka a otv\u00e1ra\u010d na f\u013ea\u0161e 2v1 MILLENNIUM FALCON"},"content":{"rendered":"<p>K\u013e\u00fa\u010denka a otv\u00e1ra\u010d na f\u013ea\u0161e 2 v 1.<\/p>\n<p>Vyroben\u00fd zo zliatiny zinku, \u013eahk\u00fd a odoln\u00fd.<\/p>\n<p>Rozmer cca. 5 x 6 cm, strieborn\u00e1 farba.<\/p>\n","protected":false},"excerpt":{"rendered":"<p>Praktick\u00fd a \u0161t\u00fdlov\u00fd! Presne tak\u00fdto je otv\u00e1ra\u010d na f\u013ea\u0161e a k\u013e\u00fa\u010denka v jednom v tvare Millennium Falcon. M\u00f4\u017ee by\u0165 nie\u010do lep\u0161ie, ako spoji\u0165 funk\u010dnos\u0165 a dizajn? T\u00e1to k\u013e\u00fa\u010denka by V\u00e1m rozhodne nemala ch\u00fdba\u0165!<\/p>\n","protected":false},"featured_media":5052,"comment_status":"open","ping_status":"closed","template":"","meta":[],"product_brand":[],"product_cat":[67],"product_tag":[57,120,98,149,150,108,11,106],"class_list":{"0":"post-5019","1":"product","2":"type-product","3":"status-publish","4":"has-post-thumbnail","6":"product_cat-doplnky","7":"product_tag-darcek","8":"product_tag-darceky","9":"product_tag-klucenka","10":"product_tag-millennium-falcon","11":"product_tag-otvarac","12":"product_tag-space","13":"product_tag-star-wars","14":"product_tag-vesmir","16":"first","17":"instock","18":"shipping-taxable","19":"purchasable","20":"product-type-simple"},"_links":{"self":[{"href":"https:\/\/skafander.sk\/index.php?rest_route=\/wp\/v2\/product\/5019","targetHints":{"allow":["GET"]}}],"collection":[{"href":"https:\/\/skafander.sk\/index.php?rest_route=\/wp\/v2\/product"}],"about":[{"href":"https:\/\/skafander.sk\/index.php?rest_route=\/wp\/v2\/types\/product"}],"replies":[{"embeddable":true,"href":"https:\/\/skafander.sk\/index.php?rest_route=%2Fwp%2Fv2%2Fcomments&post=5019"}],"wp:featuredmedia":[{"embeddable":true,"href":"https:\/\/skafander.sk\/index.php?rest_route=\/wp\/v2\/media\/5052"}],"wp:attachment":[{"href":"https:\/\/skafander.sk\/index.php?rest_route=%2Fwp%2Fv2%2Fmedia&parent=5019"}],"wp:term":[{"taxonomy":"product_brand","embeddable":true,"href":"https:\/\/skafander.sk\/index.php?rest_route=%2Fwp%2Fv2%2Fproduct_brand&post=5019"},{"taxonomy":"product_cat","embeddable":true,"href":"https:\/\/skafander.sk\/index.php?rest_route=%2Fwp%2Fv2%2Fproduct_cat&post=5019"},{"taxonomy":"product_tag","embeddable":true,"href":"https:\/\/skafander.sk\/index.php?rest_route=%2Fwp%2Fv2%2Fproduct_tag&post=5019"}],"curies":[{"name":"wp","href":"https:\/\/api.w.org\/{rel}","templated":true}]}}