{"id":2,"date":"2016-10-28T15:57:15","date_gmt":"2016-10-28T13:57:15","guid":{"rendered":"https:\/\/skafander.sk\/?page_id=2"},"modified":"2024-03-18T15:45:23","modified_gmt":"2024-03-18T14:45:23","slug":"o-nas","status":"publish","type":"page","link":"https:\/\/skafander.sk\/?page_id=2","title":{"rendered":"O n\u00e1s"},"content":{"rendered":"\t\t<div data-elementor-type=\"wp-page\" data-elementor-id=\"2\" class=\"elementor elementor-2\" data-elementor-post-type=\"page\">\n\t\t\t\t<div class=\"elementor-element elementor-element-1f11679f e-flex e-con-boxed e-con e-parent\" data-id=\"1f11679f\" data-element_type=\"container\">\n\t\t\t\t\t<div class=\"e-con-inner\">\n\t\t\t\t<div class=\"elementor-element elementor-element-2e49276 elementor-widget elementor-widget-heading\" data-id=\"2e49276\" data-element_type=\"widget\" data-widget_type=\"heading.default\">\n\t\t\t\t<div class=\"elementor-widget-container\">\n\t\t\t<h2 class=\"elementor-heading-title elementor-size-default\">N\u00e1\u0161 e-shop vznikol v roku 2016, aby v\u00e1m splnil va\u0161e vesm\u00edrne priania!<\/h2>\t\t<\/div>\n\t\t\t\t<\/div>\n\t\t\t\t<div class=\"elementor-element elementor-element-4e669119 elementor-widget elementor-widget-text-editor\" data-id=\"4e669119\" data-element_type=\"widget\" data-widget_type=\"text-editor.default\">\n\t\t\t\t<div class=\"elementor-widget-container\">\n\t\t\t\t\t\t\t<p>Teda, nie v\u0161etky, napr\u00edklad tak\u00fd v\u00fdlet do vesm\u00edru, alebo dom\u010dek na Mesiaci vybavi\u0165 (zatia\u013e) nevieme. Ale vieme v\u00e1m pon\u00faknu\u0165 prekr\u00e1sne ta\u0161ky, batohy, tri\u010dk\u00e1, \u0161perky \u010di doplnky, s ktor\u00fdmi m\u00f4\u017eete hrdo uk\u00e1za\u0165, \u017ee va\u0161e srdce patr\u00ed hviezdam!<\/p>\n\n<b>A kto sme?<\/b>\n\n<p>Mama a syn. Mama, ktor\u00e1 po pr\u00e1ci a po\u010das sp\u00e1nku mal\u00e9ho astronauta ru\u010dne ma\u013euje ta\u0161ky, bat\u00f4\u017eky, na\u017eeh\u013euje tri\u010dk\u00e1 a h\u00e1da sa s dod\u00e1vate\u013emi. Pije studen\u00fa k\u00e1vu a vym\u00fd\u0161\u013ea, \u010do by e\u0161te zmajstrovala a tak v\u00e1s pote\u0161ila.\nNo a pokia\u013e v\u00e1m pr\u00edde poslintan\u00e1 alebo po\u010dm\u00e1ran\u00e1 fakt\u00farka, tak s t\u00fdm mi pom\u00e1ha mal\u00fd astronaut, hm.<\/p>\n\n<p>N\u00e1pad zalo\u017ei\u0165 e-shop vznikol priamo v jadre ob\u010dianskeho zdru\u017eenia <a href=\"http:\/\/sosa.sk\">SOSA<\/a>. \u010clenovia mali n\u00e1pady a ja som ich chcela zrealizova\u0165. \u013dudia mali o ne z\u00e1ujem a ch\u00fdbalo u\u017e len da\u0165 tomu formu, pekn\u00fd vesm\u00edrny n\u00e1zov a n\u00e1js\u0165 si \u010das na tvorenie.<\/p>\n\n<p>Pokia\u013e m\u00e1te na m\u0148a ak\u00e9ko\u013evek ot\u00e1zky, alebo n\u00e1vrhy, ktor\u00e9 som schopn\u00e1 zrealizova\u0165, pokojne p\u00ed\u0161te na info@skafander.sk!\n<\/p>\nV\u00e1\u0161 skafandrovsk\u00fd t\u00edm,\n<p style=\"text-align: center;\">Monika + astronaut Mat\u00fa\u0161ko<\/p>\t\t\t\t\t\t<\/div>\n\t\t\t\t<\/div>\n\t\t\t\t\t<\/div>\n\t\t\t\t<\/div>\n\t\t\t\t<\/div>\n\t\t","protected":false},"excerpt":{"rendered":"<p>N\u00e1\u0161 e-shop vznikol v roku 2016, aby v\u00e1m splnil va\u0161e vesm\u00edrne priania! Teda, nie v\u0161etky, napr\u00edklad tak\u00fd v\u00fdlet do vesm\u00edru, alebo dom\u010dek na Mesiaci vybavi\u0165 (zatia\u013e) nevieme. Ale vieme v\u00e1m pon\u00faknu\u0165 prekr\u00e1sne ta\u0161ky, batohy, tri\u010dk\u00e1, \u0161perky \u010di doplnky, s ktor\u00fdmi m\u00f4\u017eete hrdo uk\u00e1za\u0165, \u017ee va\u0161e srdce patr\u00ed hviezdam! A kto sme? Mama a syn. Mama, [&hellip;]<\/p>\n","protected":false},"author":1,"featured_media":0,"parent":0,"menu_order":0,"comment_status":"closed","ping_status":"open","template":"","meta":{"footnotes":""},"class_list":["post-2","page","type-page","status-publish","hentry"],"_links":{"self":[{"href":"https:\/\/skafander.sk\/index.php?rest_route=\/wp\/v2\/pages\/2","targetHints":{"allow":["GET"]}}],"collection":[{"href":"https:\/\/skafander.sk\/index.php?rest_route=\/wp\/v2\/pages"}],"about":[{"href":"https:\/\/skafander.sk\/index.php?rest_route=\/wp\/v2\/types\/page"}],"author":[{"embeddable":true,"href":"https:\/\/skafander.sk\/index.php?rest_route=\/wp\/v2\/users\/1"}],"replies":[{"embeddable":true,"href":"https:\/\/skafander.sk\/index.php?rest_route=%2Fwp%2Fv2%2Fcomments&post=2"}],"version-history":[{"count":10,"href":"https:\/\/skafander.sk\/index.php?rest_route=\/wp\/v2\/pages\/2\/revisions"}],"predecessor-version":[{"id":4916,"href":"https:\/\/skafander.sk\/index.php?rest_route=\/wp\/v2\/pages\/2\/revisions\/4916"}],"wp:attachment":[{"href":"https:\/\/skafander.sk\/index.php?rest_route=%2Fwp%2Fv2%2Fmedia&parent=2"}],"curies":[{"name":"wp","href":"https:\/\/api.w.org\/{rel}","templated":true}]}}